{"id":877,"date":"2017-08-24T07:04:23","date_gmt":"2017-08-24T07:04:23","guid":{"rendered":"http:\/\/www.nicdarkthemes.com\/themes\/hotel\/wp\/demo\/hotel\/?page_id=877"},"modified":"2022-01-25T20:16:53","modified_gmt":"2022-01-25T13:16:53","slug":"y-kien-khach-hang","status":"publish","type":"page","link":"https:\/\/artishotel.vn\/en\/kien-khach-hang\/","title":{"rendered":"Customer reviews"},"content":{"rendered":"<div data-vc-full-width=\"true\" data-vc-full-width-init=\"false\" data-vc-parallax=\"1.5\" data-vc-parallax-image=\"\" class=\"vc_row wpb_row vc_row-fluid nd_options_vc_parallax_filter_1_3 vc_custom_1640086258975 vc_row-has-fill vc_general vc_parallax vc_parallax-content-moving\"><div class=\"wpb_column vc_column_container vc_col-sm-2\"><div class=\"vc_column-inner\"><div class=\"wpb_wrapper\"><\/div><\/div><\/div><div class=\"nd_options_text_align_center wpb_column vc_column_container vc_col-sm-8\"><div class=\"vc_column-inner\"><div class=\"wpb_wrapper\"> <h1 style=\"color:#ffffff; padding:px; text-align:center; font-size:50px; line-height:50px; letter-spacing: px; font-weight:normal;\" class=\"nd_options_font_size_40_important_all_iphone nd_options_first_font\">CUSTOMER REVIEWS<\/h1> <div style=\"background-color:; height: 30px;\" class=\"nicdark_section\"><\/div> <p style=\"color:#ffffff; padding:px; text-align:center; font-size:13px; line-height:25px; letter-spacing: 3px; font-weight:lighter;\" class=\"nd_options_second_font\">ARTIS HOTEL THANKS FOR YOUR COMMENTS. WE ALWAYS TRY TO COMPLETE AND LISTEN TO CUSTOMERS&#039; Opinions.<\/p> <div style=\"background-color:; height: 30px;\" class=\"nicdark_section\"><\/div>\n\t<div class=\"nd_options_section nd_options_text_align_center\">\n\t<a style=\"border: px solid ; border-radius:0px; letter-spacing:2px; line-height:11px; font-size:11px; background-color:#1c1c1c; padding:15px 35px; margin:; color:#ffffff;\" rel=\"\"  href=\"https:\/\/artishotel.vn\/en\/lien-he\/\" class=\"nicdark_display_inline_block  nd_options_font_weight_bold nd_options_second_font\">CONTACT<\/a>\n\t<\/div>\n<\/div><\/div><\/div><div class=\"wpb_column vc_column_container vc_col-sm-2\"><div class=\"vc_column-inner\"><div class=\"wpb_wrapper\"><\/div><\/div><\/div><\/div><div class=\"vc_row-full-width vc_clearfix\"><\/div><section class=\"vc_section\"><div class=\"vc_row wpb_row vc_row-fluid\"><div class=\"wpb_column vc_column_container vc_col-sm-12\"><div class=\"vc_column-inner\"><div class=\"wpb_wrapper\">\n\n    <div class=\"card-grid-container\">\n        <div class=\"row\">\n                            <div class=\"col-md-4 col-sx-6\">\n\n                    <div class=\"card-grid-item\">\n                        <div class=\"danhgiakh\">\n\n\n                            <h3 class=\"mb15\">Ms. Linh<\/h3>\n                            <div class=\"star\">\n                                                                \u2605\u2605\u2605\u2605\u2605                            <\/div>\n                            <div class=\"pb201\">\n\n\n\n                                <p>Lorem ipsum dolor sit amet, consectetur adipiscing elit. Aenean egestas magna at portitor.Lorem ipsum dolor sit amet, consectetur adipiscing elit. Aenean egestas magna at portitor.Lorem ipsum dolor sit amet, consectetur adipiscing elit. Aenean egestas magna at portitor.Lorem ipsum dolor sit amet, consectetur adipiscing elit. Aenean egestas magna at portitor.<\/p>\n\n                            <\/div>\n\n\n\n\n                        <\/div>\n\n\n                    <\/div>\n\n\n\n\n                <\/div>\n\n                                <div class=\"col-md-4 col-sx-6\">\n\n                    <div class=\"card-grid-item\">\n                        <div class=\"danhgiakh\">\n\n\n                            <h3 class=\"mb15\">Ms. Mai<\/h3>\n                            <div class=\"star\">\n                                                                \u2605                            <\/div>\n                            <div class=\"pb201\">\n\n\n\n                                <p>Lorem ipsum dolor sit amet, consectetur adipiscing elit. Aenean egestas magna at portitor.Lorem ipsum dolor sit amet, consectetur adipiscing elit. Aenean egestas magna at portitor.Lorem ipsum dolor sit amet, consectetur adipiscing elit. Aenean egestas magna at portitor.Lorem ipsum dolor sit amet, consectetur adipiscing elit. Aenean egestas magna at portitor.<\/p>\n\n                            <\/div>\n\n\n\n\n                        <\/div>\n\n\n                    <\/div>\n\n\n\n\n                <\/div>\n\n                                <div class=\"col-md-4 col-sx-6\">\n\n                    <div class=\"card-grid-item\">\n                        <div class=\"danhgiakh\">\n\n\n                            <h3 class=\"mb15\">Mr. Thang<\/h3>\n                            <div class=\"star\">\n                                                                \u2605                            <\/div>\n                            <div class=\"pb201\">\n\n\n\n                                <p>Lorem ipsum dolor sit amet, consectetur adipiscing elit. Aenean egestas magna at portitor.Lorem ipsum dolor sit amet, consectetur adipiscing elit. Aenean egestas magna at portitor.Lorem ipsum dolor sit amet, consectetur adipiscing elit. Aenean egestas magna at portitor.Lorem ipsum dolor sit amet, consectetur adipiscing elit. Aenean egestas magna at portitor.<\/p>\n\n                            <\/div>\n\n\n\n\n                        <\/div>\n\n\n                    <\/div>\n\n\n\n\n                <\/div>\n\n                                <div class=\"col-md-4 col-sx-6\">\n\n                    <div class=\"card-grid-item\">\n                        <div class=\"danhgiakh\">\n\n\n                            <h3 class=\"mb15\">Anh Son<\/h3>\n                            <div class=\"star\">\n                                                                \u2605\u2605\u2605\u2605                            <\/div>\n                            <div class=\"pb201\">\n\n\n\n                                <p>Lorem ipsum dolor sit amet, consectetur adipiscing elit. Aenean egestas magna at portitor.Lorem ipsum dolor sit amet, consectetur adipiscing elit. Aenean egestas magna at portitor.Lorem ipsum dolor sit amet, consectetur adipiscing elit. Aenean egestas magna at portitor.vLorem ipsum dolor sit amet, consectetur adipiscing elit. Aenean egestas magna at portitor.<\/p>\n\n                            <\/div>\n\n\n\n\n                        <\/div>\n\n\n                    <\/div>\n\n\n\n\n                <\/div>\n\n                                <div class=\"col-md-4 col-sx-6\">\n\n                    <div class=\"card-grid-item\">\n                        <div class=\"danhgiakh\">\n\n\n                            <h3 class=\"mb15\">Mr. Huy<\/h3>\n                            <div class=\"star\">\n                                                                \u2605                            <\/div>\n                            <div class=\"pb201\">\n\n\n\n                                <p>Lorem ipsum dolor sit amet, consectetur adipiscing elit. Aenean egestas magna at portitor.Lorem ipsum dolor sit amet, consectetur adipiscing elit. Aenean egestas magna at portitor.Lorem ipsum dolor sit amet, consectetur adipiscing elit. Aenean egestas magna at portitor.<\/p>\n\n                            <\/div>\n\n\n\n\n                        <\/div>\n\n\n                    <\/div>\n\n\n\n\n                <\/div>\n\n                \n        <\/div>\n\n\n    <\/div> \n    \n\t<div class=\"wpb_text_column wpb_content_element\" >\n\t\t<div class=\"wpb_wrapper\">\n\t\t\t\n\n\t\t<\/div>\n\t<\/div>\n<\/div><\/div><\/div><\/div><\/section><div data-vc-full-width=\"true\" data-vc-full-width-init=\"false\" data-vc-parallax=\"1.5\" data-vc-parallax-image=\"\" class=\"vc_row wpb_row vc_row-fluid nd_options_vc_parallax_filter_1_4 vc_custom_1640086418874 vc_row-has-fill vc_general vc_parallax vc_parallax-content-moving\"><div class=\"wpb_column vc_column_container vc_col-sm-1\"><div class=\"vc_column-inner\"><div class=\"wpb_wrapper\"><\/div><\/div><\/div><div class=\"wpb_column vc_column_container vc_col-sm-10 vc_col-has-fill\"><div class=\"vc_column-inner vc_custom_1469711009462\"><div class=\"wpb_wrapper\"><div class=\"vc_row wpb_row vc_inner vc_row-fluid\"><div class=\"wpb_column vc_column_container vc_col-sm-5\"><div class=\"vc_column-inner vc_custom_1469711023164\"><div class=\"wpb_wrapper\">\n\t\n\t<a style=\"border: px solid ; border-radius:0px; letter-spacing:2px; line-height:11px; font-size:11px; background-color:#1c1c1c; padding:5px 10px; margin:; color:#ffffff;\" rel=\"\"  href=\"#\" class=\"nicdark_display_inline_block nd_options_float_left nd_options_font_weight_lighter nd_options_second_font\">RECOMMENDATIONS<\/a>\n\t\n<div style=\"background-color:; height: 10px;\" class=\"nicdark_section\"><\/div> <h2 style=\"color:#1c1c1c; padding:px; text-align:; font-size:px; line-height:px; letter-spacing: px; font-weight:normal;\" class=\"nd_options_first_font\">What do you think about us?<\/h2> <div style=\"background-color:; height: 20px;\" class=\"nicdark_section\"><\/div>\n\t<div class=\"wpb_text_column wpb_content_element\" >\n\t\t<div class=\"wpb_wrapper\">\n\t\t\t<p>Your feedback means a lot to us in improving our service quality over time.<\/p>\n\n\t\t<\/div>\n\t<\/div>\n<div style=\"background-color:; height: 20px;\" class=\"nicdark_section\"><\/div>\n\n\n  <div class=\"nd_options_section  nd_options_display_table\">\n    <div class=\"nd_options_display_table_cell nd_options_vertical_align_middle nd_options_width_50_percentage nd_options_text_align_left nd_options_padding_10 nd_options_box_sizing_border_box\">\n      <p class=\"nd_options_second_font nd_options_margin_0 nd_options_padding_0\" style=\"color:#1c1c1c;\">Address:<\/p>\n    <\/div>\n    <div class=\"nd_options_display_table_cell nd_options_vertical_align_middle nd_options_width_50_percentage nd_options_text_align_right nd_options_padding_10 nd_options_box_sizing_border_box\">\n      <p class=\"nd_options_second_font nd_options_margin_0 nd_options_padding_0\" style=\"color:#878787;\">11 Hoang Dieu, Ward 5<\/p>\n    <\/div>\n  <\/div>\n\n\n   <div style=\"background-color:#f1f1f1; height: 1px;\" class=\"nicdark_section\"><\/div>\n\n\n  <div class=\"nd_options_section  nd_options_display_table\">\n    <div class=\"nd_options_display_table_cell nd_options_vertical_align_middle nd_options_width_50_percentage nd_options_text_align_left nd_options_padding_10 nd_options_box_sizing_border_box\">\n      <p class=\"nd_options_second_font nd_options_margin_0 nd_options_padding_0\" style=\"color:#1c1c1c;\">City:<\/p>\n    <\/div>\n    <div class=\"nd_options_display_table_cell nd_options_vertical_align_middle nd_options_width_50_percentage nd_options_text_align_right nd_options_padding_10 nd_options_box_sizing_border_box\">\n      <p class=\"nd_options_second_font nd_options_margin_0 nd_options_padding_0\" style=\"color:#878787;\">Da Lat<\/p>\n    <\/div>\n  <\/div>\n\n\n   <div style=\"background-color:#f1f1f1; height: 1px;\" class=\"nicdark_section\"><\/div>\n\n\n  <div class=\"nd_options_section  nd_options_display_table\">\n    <div class=\"nd_options_display_table_cell nd_options_vertical_align_middle nd_options_width_50_percentage nd_options_text_align_left nd_options_padding_10 nd_options_box_sizing_border_box\">\n      <p class=\"nd_options_second_font nd_options_margin_0 nd_options_padding_0\" style=\"color:#1c1c1c;\">Email :<\/p>\n    <\/div>\n    <div class=\"nd_options_display_table_cell nd_options_vertical_align_middle nd_options_width_50_percentage nd_options_text_align_right nd_options_padding_10 nd_options_box_sizing_border_box\">\n      <p class=\"nd_options_second_font nd_options_margin_0 nd_options_padding_0\" style=\"color:#878787;\">info@artishotel.vn<\/p>\n    <\/div>\n  <\/div>\n\n\n   <div style=\"background-color:#f1f1f1; height: 1px;\" class=\"nicdark_section\"><\/div>\n\n\n  <div class=\"nd_options_section  nd_options_display_table\">\n    <div class=\"nd_options_display_table_cell nd_options_vertical_align_middle nd_options_width_50_percentage nd_options_text_align_left nd_options_padding_10 nd_options_box_sizing_border_box\">\n      <p class=\"nd_options_second_font nd_options_margin_0 nd_options_padding_0\" style=\"color:#1c1c1c;\">Check-In :<\/p>\n    <\/div>\n    <div class=\"nd_options_display_table_cell nd_options_vertical_align_middle nd_options_width_50_percentage nd_options_text_align_right nd_options_padding_10 nd_options_box_sizing_border_box\">\n      <p class=\"nd_options_second_font nd_options_margin_0 nd_options_padding_0\" style=\"color:#878787;\">02:00 PM<\/p>\n    <\/div>\n  <\/div>\n\n\n   <div style=\"background-color:#f1f1f1; height: 1px;\" class=\"nicdark_section\"><\/div>\n\n\n  <div class=\"nd_options_section  nd_options_display_table\">\n    <div class=\"nd_options_display_table_cell nd_options_vertical_align_middle nd_options_width_50_percentage nd_options_text_align_left nd_options_padding_10 nd_options_box_sizing_border_box\">\n      <p class=\"nd_options_second_font nd_options_margin_0 nd_options_padding_0\" style=\"color:#1c1c1c;\">Check-Out :<\/p>\n    <\/div>\n    <div class=\"nd_options_display_table_cell nd_options_vertical_align_middle nd_options_width_50_percentage nd_options_text_align_right nd_options_padding_10 nd_options_box_sizing_border_box\">\n      <p class=\"nd_options_second_font nd_options_margin_0 nd_options_padding_0\" style=\"color:#878787;\">12:00 am<\/p>\n    <\/div>\n  <\/div>\n\n\n   <\/div><\/div><\/div><div class=\"wpb_column vc_column_container vc_col-sm-7\"><div class=\"vc_column-inner vc_custom_1503565816568\"><div class=\"wpb_wrapper\">\n\n    <style>\n\n    #nd_options_shortcode_cf7_1066 input[type=\"text\"],\n    #nd_options_shortcode_cf7_1066 input[type=\"email\"],\n    #nd_options_shortcode_cf7_1066 input[type=\"url\"],\n    #nd_options_shortcode_cf7_1066 input[type=\"tel\"],\n    #nd_options_shortcode_cf7_1066 input[type=\"number\"],\n    #nd_options_shortcode_cf7_1066 input[type=\"date\"],\n    #nd_options_shortcode_cf7_1066 input[type=\"checkbox\"],\n    #nd_options_shortcode_cf7_1066 input[type=\"file\"],\n    #nd_options_shortcode_cf7_1066 textarea,\n    #nd_options_shortcode_cf7_1066 label,\n    #nd_options_shortcode_cf7_1066 select\n    {\n\n      width: 100%;\n\n    }\n\n\n    .nd_options_customizer_forms span.wpcf7-not-valid-tip,\n    .nd_options_customizer_forms .wpcf7-response-output.wpcf7-validation-errors,\n    .nd_options_customizer_forms .wpcf7-response-output.wpcf7-mail-sent-ok\n    {\n\n      float: left;\n      width: 100%;\n      box-sizing: border-box;\n\n    }\n\n    <\/style>\n\n  \n\n    <!--start form-->\n    <div id=\"nd_options_shortcode_cf7_1066\" class=\"nd_options_section\">\n      \n      <div class=\"nd_options_section nd_options_box_sizing_border_box\">\n        <div role=\"form\" class=\"wpcf7\" id=\"wpcf7-f1066-o1\" lang=\"en-US\" dir=\"ltr\">\n<div class=\"screen-reader-response\"><p role=\"status\" aria-live=\"polite\" aria-atomic=\"true\"><\/p> <ul><\/ul><\/div>\n<form action=\"\/en\/wp-json\/wp\/v2\/pages\/877#wpcf7-f1066-o1\" method=\"post\" class=\"wpcf7-form init\" novalidate=\"novalidate\" data-status=\"init\" data-trp-original-action=\"\/en\/wp-json\/wp\/v2\/pages\/877#wpcf7-f1066-o1\">\n<div style=\"display: none;\">\n<input type=\"hidden\" name=\"_wpcf7\" value=\"1066\" \/>\n<input type=\"hidden\" name=\"_wpcf7_version\" value=\"5.5.3\" \/>\n<input type=\"hidden\" name=\"_wpcf7_locale\" value=\"en_US\" \/>\n<input type=\"hidden\" name=\"_wpcf7_unit_tag\" value=\"wpcf7-f1066-o1\" \/>\n<input type=\"hidden\" name=\"_wpcf7_container_post\" value=\"0\" \/>\n<input type=\"hidden\" name=\"_wpcf7_posted_data_hash\" value=\"\" \/>\n<\/div>\n<div class=\"nd_options_float_left nd_options_box_sizing_border_box nd_options_width_100_percentage_all_iphone_important nd_options_padding_0_right_important_all_iphone nd_options_padding_0_left_important_all_iphone\" style=\"padding: 0px 10px 15px 0px; width:100%;\" >\n<p>Your name:<\/p>\n<p><span class=\"wpcf7-form-control-wrap name-form\"><input type=\"text\" name=\"name-form\" value=\"\" size=\"40\" class=\"wpcf7-form-control wpcf7-text wpcf7-validates-as-required nd_options_padding_10_20_important nd_options_margin_top_10\" aria-required=\"true\" aria-invalid=\"false\" \/><\/span><\/div><br \/>\n<div class=\"nd_options_float_left nd_options_box_sizing_border_box nd_options_width_100_percentage_all_iphone_important nd_options_padding_0_right_important_all_iphone nd_options_padding_0_left_important_all_iphone\" style=\"padding: 0px 10px 15px 0px; width:100%;\" >\n<p>Email :<\/p>\n<p><span class=\"wpcf7-form-control-wrap email\"><input type=\"email\" name=\"email\" value=\"\" size=\"40\" class=\"wpcf7-form-control wpcf7-text wpcf7-email wpcf7-validates-as-email nd_options_padding_10_20_important nd_options_margin_top_10\" aria-invalid=\"false\" \/><\/span><\/div><br \/>\n<div class=\"nd_options_float_left nd_options_box_sizing_border_box nd_options_width_100_percentage_all_iphone_important nd_options_padding_0_right_important_all_iphone nd_options_padding_0_left_important_all_iphone\" style=\"padding: 0px 10px 15px 0px; width:100%;\" >\n<p>Evaluate :<\/p>\n<p> <span  class=\"wpcf7-form-control-wrap starrating-269 wpcf7-form-control wpcf7-starrating starrating\" data-def=\"0\"  data-cancel=\"1\" ><input type=\"radio\" name=\"starrating-269\" value=\"1\"\/><input type=\"radio\" name=\"starrating-269\" value=\"2\"\/><input type=\"radio\" name=\"starrating-269\" value=\"3\"\/><input type=\"radio\" name=\"starrating-269\" value=\"4\"\/><input type=\"radio\" name=\"starrating-269\" value=\"5\"\/><\/span><\/div><br \/>\n<div class=\"nd_options_float_left nd_options_box_sizing_border_box nd_options_width_100_percentage_all_iphone_important nd_options_padding_0_right_important_all_iphone nd_options_padding_0_left_important_all_iphone\" style=\"padding: 0px 10px 15px 0px; width:100%;\" >\n<p>Share :<\/p>\n<p><span class=\"wpcf7-form-control-wrap message\"><textarea name=\"message\" cols=\"40\" rows=\"5\" class=\"wpcf7-form-control wpcf7-textarea nd_options_padding_10_20_important nd_options_margin_top_10\" aria-invalid=\"false\"><\/textarea><\/span><\/div><br \/>\n<div class=\"nd_options_float_left nd_options_box_sizing_border_box nd_options_width_100_percentage_all_iphone_important nd_options_padding_0_right_important_all_iphone nd_options_padding_0_left_important_all_iphone\" style=\"padding: 0px 0px 0px 0px; width:30%;\" ><input type=\"submit\" value=\"SEND\" class=\"wpcf7-form-control has-spinner wpcf7-submit nd_booking_padding_15_30_important nd_options_second_font_important nd_options_color_white nd_options_display_inline_block nd_options_font_size_11 nd_options_font_weight_bold nd_options_letter_spacing_2 nd_options_section\" \/><\/div>\n<p style=\"display: none !important;\"><label>\u0394<textarea name=\"_wpcf7_ak_hp_textarea\" cols=\"45\" rows=\"8\" maxlength=\"100\"><\/textarea><\/label><input type=\"hidden\" id=\"ak_js\" name=\"_wpcf7_ak_js\" value=\"217\"\/><script>document.getElementById( \"ak_js\" ).setAttribute( \"value\", ( new Date() ).getTime() );<\/script><\/p><div class=\"wpcf7-response-output\" aria-hidden=\"true\"><\/div><input type=\"hidden\" name=\"trp-form-language\" value=\"en\"\/><\/form><\/div> \n      <\/div>  \n\n    <\/div>\n    <!--end form-->\n\n   <\/div><\/div><\/div><\/div><\/div><\/div><\/div><div class=\"wpb_column vc_column_container vc_col-sm-1\"><div class=\"vc_column-inner\"><div class=\"wpb_wrapper\"><\/div><\/div><\/div><\/div><div class=\"vc_row-full-width vc_clearfix\"><\/div>","protected":false},"excerpt":{"rendered":"Lorem ipsum dolor sit amet, consectetur adipiscing elit. Aenean egestas magna at portitor.Lorem ipsum dolor sit amet, consectetur adipiscing elit. Aenean egestas magna at portitor.Lorem ipsum dolor sit amet, consectetur adipiscing elit. Aenean egestas magna at portitor.","protected":false},"author":1,"featured_media":0,"parent":0,"menu_order":0,"comment_status":"closed","ping_status":"closed","template":"","meta":[],"acf":[],"yoast_head":"<!-- This site is optimized with the Yoast SEO plugin v17.8 - https:\/\/yoast.com\/wordpress\/plugins\/seo\/ -->\n<title>\u00dd ki\u1ebfn kh\u00e1ch h\u00e0ng - Artishotel<\/title>\n<meta name=\"description\" content=\"\u00dd ki\u1ebfn kh\u00e1ch h\u00e0ng v\u1ec1 Artis Hotel. C\u1ea3m \u01a1n qu\u00fd kh\u00e1ch \u0111\u00e3 \u0111\u1ec3 l\u1ea1i \u0111\u00e1nh gi\u00e1 qu\u00fd b\u00e1u v\u1ec1 tr\u1ea3i nghi\u1ec7m c\u1ee7a m\u00ecnh v\u1edbi c\u00e1c d\u1ecbch v\u1ee5 c\u1ee7a ch\u00fang t\u00f4i.\" \/>\n<meta name=\"robots\" content=\"index, follow, max-snippet:-1, max-image-preview:large, max-video-preview:-1\" \/>\n<link rel=\"canonical\" href=\"https:\/\/artishotel.vn\/en\/kien-khach-hang\/\" \/>\n<meta property=\"og:locale\" content=\"en_US\" \/>\n<meta property=\"og:type\" content=\"article\" \/>\n<meta property=\"og:title\" content=\"\u00dd ki\u1ebfn kh\u00e1ch h\u00e0ng - Artishotel\" \/>\n<meta property=\"og:description\" content=\"\u00dd ki\u1ebfn kh\u00e1ch h\u00e0ng v\u1ec1 Artis Hotel. C\u1ea3m \u01a1n qu\u00fd kh\u00e1ch \u0111\u00e3 \u0111\u1ec3 l\u1ea1i \u0111\u00e1nh gi\u00e1 qu\u00fd b\u00e1u v\u1ec1 tr\u1ea3i nghi\u1ec7m c\u1ee7a m\u00ecnh v\u1edbi c\u00e1c d\u1ecbch v\u1ee5 c\u1ee7a ch\u00fang t\u00f4i.\" \/>\n<meta property=\"og:url\" content=\"https:\/\/artishotel.vn\/en\/kien-khach-hang\/\" \/>\n<meta property=\"og:site_name\" content=\"Artishotel\" \/>\n<meta property=\"article:modified_time\" content=\"2022-01-25T13:16:53+00:00\" \/>\n<meta name=\"twitter:card\" content=\"summary_large_image\" \/>\n<meta name=\"twitter:label1\" content=\"Est. reading time\" \/>\n\t<meta name=\"twitter:data1\" content=\"3 minutes\" \/>\n<script type=\"application\/ld+json\" class=\"yoast-schema-graph\">{\"@context\":\"https:\/\/schema.org\",\"@graph\":[{\"@type\":\"WebSite\",\"@id\":\"https:\/\/artishotel.vn\/#website\",\"url\":\"https:\/\/artishotel.vn\/\",\"name\":\"Artishotel\",\"description\":\"Artishotel\",\"potentialAction\":[{\"@type\":\"SearchAction\",\"target\":{\"@type\":\"EntryPoint\",\"urlTemplate\":\"https:\/\/artishotel.vn\/?s={search_term_string}\"},\"query-input\":\"required name=search_term_string\"}],\"inLanguage\":\"en-US\"},{\"@type\":\"WebPage\",\"@id\":\"https:\/\/artishotel.vn\/y-kien-khach-hang\/#webpage\",\"url\":\"https:\/\/artishotel.vn\/y-kien-khach-hang\/\",\"name\":\"\\u00dd ki\\u1ebfn kh\\u00e1ch h\\u00e0ng - Artishotel\",\"isPartOf\":{\"@id\":\"https:\/\/artishotel.vn\/#website\"},\"datePublished\":\"2017-08-24T07:04:23+00:00\",\"dateModified\":\"2022-01-25T13:16:53+00:00\",\"description\":\"\\u00dd ki\\u1ebfn kh\\u00e1ch h\\u00e0ng v\\u1ec1 Artis Hotel. C\\u1ea3m \\u01a1n qu\\u00fd kh\\u00e1ch \\u0111\\u00e3 \\u0111\\u1ec3 l\\u1ea1i \\u0111\\u00e1nh gi\\u00e1 qu\\u00fd b\\u00e1u v\\u1ec1 tr\\u1ea3i nghi\\u1ec7m c\\u1ee7a m\\u00ecnh v\\u1edbi c\\u00e1c d\\u1ecbch v\\u1ee5 c\\u1ee7a ch\\u00fang t\\u00f4i.\",\"breadcrumb\":{\"@id\":\"https:\/\/artishotel.vn\/y-kien-khach-hang\/#breadcrumb\"},\"inLanguage\":\"en-US\",\"potentialAction\":[{\"@type\":\"ReadAction\",\"target\":[\"https:\/\/artishotel.vn\/y-kien-khach-hang\/\"]}]},{\"@type\":\"BreadcrumbList\",\"@id\":\"https:\/\/artishotel.vn\/y-kien-khach-hang\/#breadcrumb\",\"itemListElement\":[{\"@type\":\"ListItem\",\"position\":1,\"name\":\"Trang ch\\u1ee7\",\"item\":\"https:\/\/artishotel.vn\/\"},{\"@type\":\"ListItem\",\"position\":2,\"name\":\"\\u00dd ki\\u1ebfn kh\\u00e1ch h\\u00e0ng\"}]}]}<\/script>\n<!-- \/ Yoast SEO plugin. -->","yoast_head_json":{"title":"\u00dd ki\u1ebfn kh\u00e1ch h\u00e0ng - Artishotel","description":"\u00dd ki\u1ebfn kh\u00e1ch h\u00e0ng v\u1ec1 Artis Hotel. C\u1ea3m \u01a1n qu\u00fd kh\u00e1ch \u0111\u00e3 \u0111\u1ec3 l\u1ea1i \u0111\u00e1nh gi\u00e1 qu\u00fd b\u00e1u v\u1ec1 tr\u1ea3i nghi\u1ec7m c\u1ee7a m\u00ecnh v\u1edbi c\u00e1c d\u1ecbch v\u1ee5 c\u1ee7a ch\u00fang t\u00f4i.","robots":{"index":"index","follow":"follow","max-snippet":"max-snippet:-1","max-image-preview":"max-image-preview:large","max-video-preview":"max-video-preview:-1"},"canonical":"https:\/\/artishotel.vn\/en\/kien-khach-hang\/","og_locale":"en_US","og_type":"article","og_title":"\u00dd ki\u1ebfn kh\u00e1ch h\u00e0ng - Artishotel","og_description":"\u00dd ki\u1ebfn kh\u00e1ch h\u00e0ng v\u1ec1 Artis Hotel. C\u1ea3m \u01a1n qu\u00fd kh\u00e1ch \u0111\u00e3 \u0111\u1ec3 l\u1ea1i \u0111\u00e1nh gi\u00e1 qu\u00fd b\u00e1u v\u1ec1 tr\u1ea3i nghi\u1ec7m c\u1ee7a m\u00ecnh v\u1edbi c\u00e1c d\u1ecbch v\u1ee5 c\u1ee7a ch\u00fang t\u00f4i.","og_url":"https:\/\/artishotel.vn\/en\/kien-khach-hang\/","og_site_name":"Artishotel","article_modified_time":"2022-01-25T13:16:53+00:00","twitter_card":"summary_large_image","twitter_misc":{"Est. reading time":"3 minutes"},"schema":{"@context":"https:\/\/schema.org","@graph":[{"@type":"WebSite","@id":"https:\/\/artishotel.vn\/#website","url":"https:\/\/artishotel.vn\/","name":"Artishotel","description":"Artishotel","potentialAction":[{"@type":"SearchAction","target":{"@type":"EntryPoint","urlTemplate":"https:\/\/artishotel.vn\/?s={search_term_string}"},"query-input":"required name=search_term_string"}],"inLanguage":"en-US"},{"@type":"WebPage","@id":"https:\/\/artishotel.vn\/y-kien-khach-hang\/#webpage","url":"https:\/\/artishotel.vn\/y-kien-khach-hang\/","name":"\u00dd ki\u1ebfn kh\u00e1ch h\u00e0ng - Artishotel","isPartOf":{"@id":"https:\/\/artishotel.vn\/#website"},"datePublished":"2017-08-24T07:04:23+00:00","dateModified":"2022-01-25T13:16:53+00:00","description":"\u00dd ki\u1ebfn kh\u00e1ch h\u00e0ng v\u1ec1 Artis Hotel. C\u1ea3m \u01a1n qu\u00fd kh\u00e1ch \u0111\u00e3 \u0111\u1ec3 l\u1ea1i \u0111\u00e1nh gi\u00e1 qu\u00fd b\u00e1u v\u1ec1 tr\u1ea3i nghi\u1ec7m c\u1ee7a m\u00ecnh v\u1edbi c\u00e1c d\u1ecbch v\u1ee5 c\u1ee7a ch\u00fang t\u00f4i.","breadcrumb":{"@id":"https:\/\/artishotel.vn\/y-kien-khach-hang\/#breadcrumb"},"inLanguage":"en-US","potentialAction":[{"@type":"ReadAction","target":["https:\/\/artishotel.vn\/y-kien-khach-hang\/"]}]},{"@type":"BreadcrumbList","@id":"https:\/\/artishotel.vn\/y-kien-khach-hang\/#breadcrumb","itemListElement":[{"@type":"ListItem","position":1,"name":"Trang ch\u1ee7","item":"https:\/\/artishotel.vn\/"},{"@type":"ListItem","position":2,"name":"\u00dd ki\u1ebfn kh\u00e1ch h\u00e0ng"}]}]}},"_links":{"self":[{"href":"https:\/\/artishotel.vn\/en\/wp-json\/wp\/v2\/pages\/877"}],"collection":[{"href":"https:\/\/artishotel.vn\/en\/wp-json\/wp\/v2\/pages"}],"about":[{"href":"https:\/\/artishotel.vn\/en\/wp-json\/wp\/v2\/types\/page"}],"author":[{"embeddable":true,"href":"https:\/\/artishotel.vn\/en\/wp-json\/wp\/v2\/users\/1"}],"replies":[{"embeddable":true,"href":"https:\/\/artishotel.vn\/en\/wp-json\/wp\/v2\/comments?post=877"}],"version-history":[{"count":0,"href":"https:\/\/artishotel.vn\/en\/wp-json\/wp\/v2\/pages\/877\/revisions"}],"wp:attachment":[{"href":"https:\/\/artishotel.vn\/en\/wp-json\/wp\/v2\/media?parent=877"}],"curies":[{"name":"wp","href":"https:\/\/api.w.org\/{rel}","templated":true}]}}