{"id":433,"date":"2017-07-19T08:57:14","date_gmt":"2017-07-19T01:57:14","guid":{"rendered":"http:\/\/www.nicdarkthemes.com\/themes\/hotel\/wp\/demo\/?page_id=433"},"modified":"2022-06-24T15:55:35","modified_gmt":"2022-06-24T08:55:35","slug":"gioi-thieu","status":"publish","type":"page","link":"https:\/\/artishotel.vn\/en\/article\/","title":{"rendered":"Introduce"},"content":{"rendered":"<div class=\"vc_row wpb_row vc_row-fluid\"><div class=\"wpb_column vc_column_container vc_col-sm-6\"><div class=\"vc_column-inner\"><div class=\"wpb_wrapper\">\n\t<div class=\"wpb_text_column wpb_content_element\" >\n\t\t<div class=\"wpb_wrapper\">\n\t\t\t<h2 style=\"color: #996633; font-size: 50px; line-height: 50px; text-align: right;\"><b>Welcome to Artis Hotel Dalat<\/b><\/h2>\n<p>&nbsp;<\/p>\n<p style=\"text-align: right; font-size: 25px; line-height: 50px;\"><strong><a href=\"https:\/\/artishotel.vn\/en\/\">Artis Hotel<\/a> \u2013 a great resort, an ideal stopover among countless options in the City of Thousand Flowers.<\/strong><\/p>\n\n\t\t<\/div>\n\t<\/div>\n<\/div><\/div><\/div><div class=\"wpb_column vc_column_container vc_col-sm-6\"><div class=\"vc_column-inner\"><div class=\"wpb_wrapper\"><div class=\"vc_row wpb_row vc_inner vc_row-fluid\"><div class=\"wpb_column vc_column_container vc_col-sm-6\"><div class=\"vc_column-inner\"><div class=\"wpb_wrapper\"> <p style=\"color:; padding:px; text-align:; font-size:px; line-height:px; letter-spacing: px; font-weight:;\" class=\"\">Located on the hustle and bustle Hoang Dieu street right in the heart of Dalat city, Artis Hotel is only 10-minutes walks to Dalat market, which offer you the extremely convenience traveling to the renowned tourist sites of the city.<\/p> <\/div><\/div><\/div><div class=\"wpb_column vc_column_container vc_col-sm-6\"><div class=\"vc_column-inner\"><div class=\"wpb_wrapper\"> <p style=\"color:; padding:px; text-align:; font-size:px; line-height:px; letter-spacing: px; font-weight:;\" class=\"\">Bringing in the charming beauty of the unique cultural interference, meticulous attention to detail, Artis Hotel is the ideal destination for visitors to have a relaxing and comfortable stay when coming to Hanoi. Dreamy Dalat.<\/p> <\/div><\/div><\/div><\/div><\/div><\/div><\/div><\/div><div class=\"vc_row wpb_row vc_row-fluid vc_custom_1492510780167\"><div class=\"wpb_column vc_column_container vc_col-sm-4\"><div class=\"vc_column-inner\"><div class=\"wpb_wrapper\"><div style=\"background-color:; height: 10px;\" class=\"nicdark_section\"><\/div>\n\n    <div class=\"nd_options_section\">\n        \n\n        <div class=\"nd_options_mpopup_gallery\">\n            <a class=\"nd_options_outline_0 nd_options_mpopup_gallery\" href=\"https:\/\/artishotel.vn\/wp-content\/uploads\/2022\/06\/ve-chung-toi.jpg\">\n                <img width=\"90%\" alt=\"\" class=\"nd_options_transition_all_08_ease nd_options_opacity_05_hover\" src=\"https:\/\/artishotel.vn\/wp-content\/uploads\/2022\/06\/ve-chung-toi.jpg\">\n            <\/a>\n        <\/div>\n\n        \n    <\/div>   \n\n<div style=\"background-color:; height: 10px;\" class=\"nicdark_section\"><\/div><\/div><\/div><\/div><div class=\"wpb_column vc_column_container vc_col-sm-4\"><div class=\"vc_column-inner\"><div class=\"wpb_wrapper\"><div style=\"background-color:; height: 10px;\" class=\"nicdark_section\"><\/div>\n\n    <div class=\"nd_options_section\">\n        \n\n        <div class=\"nd_options_mpopup_gallery\">\n            <a class=\"nd_options_outline_0 nd_options_mpopup_gallery\" href=\"https:\/\/artishotel.vn\/wp-content\/uploads\/2022\/06\/ve-chung-toi-1.jpg\">\n                <img width=\"90%\" alt=\"\" class=\"nd_options_transition_all_08_ease nd_options_opacity_05_hover\" src=\"https:\/\/artishotel.vn\/wp-content\/uploads\/2022\/06\/ve-chung-toi-1.jpg\">\n            <\/a>\n        <\/div>\n\n        \n    <\/div>   \n\n<div style=\"background-color:; height: 10px;\" class=\"nicdark_section\"><\/div><\/div><\/div><\/div><div class=\"wpb_column vc_column_container vc_col-sm-4\"><div class=\"vc_column-inner\"><div class=\"wpb_wrapper\"><div style=\"background-color:; height: 10px;\" class=\"nicdark_section\"><\/div>\n\n    <div class=\"nd_options_section\">\n        \n\n        <div class=\"nd_options_mpopup_gallery\">\n            <a class=\"nd_options_outline_0 nd_options_mpopup_gallery\" href=\"https:\/\/artishotel.vn\/wp-content\/uploads\/2022\/06\/ve-chung-toi-2.jpg\">\n                <img width=\"90%\" alt=\"\" class=\"nd_options_transition_all_08_ease nd_options_opacity_05_hover\" src=\"https:\/\/artishotel.vn\/wp-content\/uploads\/2022\/06\/ve-chung-toi-2.jpg\">\n            <\/a>\n        <\/div>\n\n        \n    <\/div>   \n\n<div style=\"background-color:; height: 10px;\" class=\"nicdark_section\"><\/div><\/div><\/div><\/div><div class=\"wpb_column vc_column_container vc_col-sm-12\"><div class=\"vc_column-inner\"><div class=\"wpb_wrapper\"><div style=\"background-color:; height: 20px;\" class=\"nicdark_section\"><\/div>\n\t<div class=\"wpb_text_column wpb_content_element\" >\n\t\t<div class=\"wpb_wrapper\">\n\t\t\t<p>Many large glass doors welcome natural light, elegant space and tropical plants. And the decorative patterns are reminiscent of a bygone era. All will help visitors immerse themselves more easily in the scenery of a poetic Da Lat right in their own room.<\/p>\n<p>&nbsp;<\/p>\n<p>With 23 high-standardized room with modern amenities together with the unique set-up on each lobby, Artis Hotel will bring you the feeling of home-away-from-home.<\/p>\n<p>&nbsp;<\/p>\n<p>We cherish and cherish your relaxing space. Always strive to bring the highest satisfaction with the quality and service branded Artis Hotel. Whatever your purpose is here, we are sure that you will have a great experience.<\/p>\n\n\t\t<\/div>\n\t<\/div>\n<\/div><\/div><\/div><\/div><div data-vc-full-width=\"true\" data-vc-full-width-init=\"false\" data-vc-parallax=\"1.5\" data-vc-parallax-image=\"\" class=\"vc_row wpb_row vc_row-fluid nd_options_vc_parallax_filter_2_2 vc_custom_1623396017315 vc_row-has-fill vc_general vc_parallax vc_parallax-content-moving\"><div class=\"wpb_column vc_column_container vc_col-sm-12\"><div class=\"vc_column-inner\"><div class=\"wpb_wrapper\">\n\n\n    <div class=\"nd_options_section nd_options_position_relative\">\n        <img alt=\"\" class=\"nd_options_position_absolute nd_options_left_0\" width=\"55\" src=\"\">\n        <div class=\"nd_options_section nd_options_padding_left_80 nd_options_box_sizing_border_box\">\n            <h1 class=\"nd_options_font_size_40 nd_options_line_height_50\" style=\"color:#ffffff;\"><strong>Artis Hotel Dalat<\/strong><\/h1>\n        <\/div>\n    <\/div>\n\n\n  <div style=\"background-color:; height: 70px;\" class=\"nicdark_section\"><\/div><div class=\"vc_row wpb_row vc_inner vc_row-fluid\"><div class=\"wpb_column vc_column_container vc_col-sm-3\"><div class=\"vc_column-inner vc_custom_1469630269458\"><div class=\"wpb_wrapper\">\n \n  <script type=\"text\/javascript\">\n    \/\/<![CDATA[\n    \n    jQuery(document).ready(function() {\n\n      \/\/START counter\n      jQuery(function ($) {\n        \n        \/\/ start all the timers\n        $(\".nd_options_counter\").each(count);\n        \n        function count(options) {\n            var $this = $(this);\n            options = $.extend({}, options || {}, $this.data(\"countToOptions\") || {});\n            $this.countTo(options);\n        }\n\n      });\n      \/\/END counter\n\n    });\n\n    \/\/]]>\n  <\/script>\n\n  <h1 style=\"text-align:center; color:#ffffff; font-size:50px; \" class=\"nd_options_counter_component_l1 nd_options_font_weight_bolder nd_options_counter\" data-to=\"15\" data-speed=\"1000\">15<\/h1><div style=\"background-color:; height: 20px;\" class=\"nicdark_section\"><\/div> <p style=\"color:#ffffff; padding:px; text-align:center; font-size:15px; line-height:30px; letter-spacing: 2px; font-weight:lighter;\" class=\"nd_options_second_font\">QUALITY<\/p> <\/div><\/div><\/div><div class=\"wpb_column vc_column_container vc_col-sm-3\"><div class=\"vc_column-inner vc_custom_1469630276028\"><div class=\"wpb_wrapper\">\n \n  <script type=\"text\/javascript\">\n    \/\/<![CDATA[\n    \n    jQuery(document).ready(function() {\n\n      \/\/START counter\n      jQuery(function ($) {\n        \n        \/\/ start all the timers\n        $(\".nd_options_counter\").each(count);\n        \n        function count(options) {\n            var $this = $(this);\n            options = $.extend({}, options || {}, $this.data(\"countToOptions\") || {});\n            $this.countTo(options);\n        }\n\n      });\n      \/\/END counter\n\n    });\n\n    \/\/]]>\n  <\/script>\n\n  <h1 style=\"text-align:center; color:#ffffff; font-size:50px; \" class=\"nd_options_counter_component_l1 nd_options_font_weight_bolder nd_options_counter\" data-to=\"23\" data-speed=\"1000\">23<\/h1><div style=\"background-color:; height: 20px;\" class=\"nicdark_section\"><\/div> <p style=\"color:#ffffff; padding:px; text-align:center; font-size:15px; line-height:30px; letter-spacing: 2px; font-weight:lighter;\" class=\"nd_options_second_font\">ROOM<\/p> <\/div><\/div><\/div><div class=\"wpb_column vc_column_container vc_col-sm-3\"><div class=\"vc_column-inner vc_custom_1469630283566\"><div class=\"wpb_wrapper\">\n \n  <script type=\"text\/javascript\">\n    \/\/<![CDATA[\n    \n    jQuery(document).ready(function() {\n\n      \/\/START counter\n      jQuery(function ($) {\n        \n        \/\/ start all the timers\n        $(\".nd_options_counter\").each(count);\n        \n        function count(options) {\n            var $this = $(this);\n            options = $.extend({}, options || {}, $this.data(\"countToOptions\") || {});\n            $this.countTo(options);\n        }\n\n      });\n      \/\/END counter\n\n    });\n\n    \/\/]]>\n  <\/script>\n\n  <h1 style=\"text-align:center; color:#ffffff; font-size:50px; \" class=\"nd_options_counter_component_l1 nd_options_font_weight_bolder nd_options_counter\" data-to=\"47\" data-speed=\"1000\">47<\/h1><div style=\"background-color:; height: 20px;\" class=\"nicdark_section\"><\/div> <p style=\"color:#ffffff; padding:px; text-align:center; font-size:15px; line-height:30px; letter-spacing: 2px; font-weight:lighter;\" class=\"nd_options_second_font\">STAFF<\/p> <\/div><\/div><\/div><div class=\"wpb_column vc_column_container vc_col-sm-3\"><div class=\"vc_column-inner vc_custom_1469630289168\"><div class=\"wpb_wrapper\">\n \n  <script type=\"text\/javascript\">\n    \/\/<![CDATA[\n    \n    jQuery(document).ready(function() {\n\n      \/\/START counter\n      jQuery(function ($) {\n        \n        \/\/ start all the timers\n        $(\".nd_options_counter\").each(count);\n        \n        function count(options) {\n            var $this = $(this);\n            options = $.extend({}, options || {}, $this.data(\"countToOptions\") || {});\n            $this.countTo(options);\n        }\n\n      });\n      \/\/END counter\n\n    });\n\n    \/\/]]>\n  <\/script>\n\n  <h1 style=\"text-align:center; color:#ffffff; font-size:50px; \" class=\"nd_options_counter_component_l1 nd_options_font_weight_bolder nd_options_counter\" data-to=\"10\" data-speed=\"1000\">10<\/h1><div style=\"background-color:; height: 20px;\" class=\"nicdark_section\"><\/div> <p style=\"color:#ffffff; padding:px; text-align:center; font-size:15px; line-height:30px; letter-spacing: 2px; font-weight:lighter;\" class=\"nd_options_second_font\">SERVICE<\/p> <\/div><\/div><\/div><\/div><\/div><\/div><\/div><\/div><div class=\"vc_row-full-width vc_clearfix\"><\/div><div class=\"vc_row wpb_row vc_row-fluid\"><div class=\"wpb_column vc_column_container vc_col-sm-12\"><div class=\"vc_column-inner\"><div class=\"wpb_wrapper\"><div style=\"background-color:; height: 40px;\" class=\"nicdark_section\"><\/div>\n\t<div class=\"wpb_text_column wpb_content_element\" >\n\t\t<div class=\"wpb_wrapper\">\n\t\t\t<h3 style=\"color: #996633; font-size: 35px; line-height: 50px;\"><b>The Indochine Style<\/b><\/h3>\n<p style=\"text-align: justify;\">The Indochine Interior design is perfectly applied by Artis Hotel, bringing the sophistication and nostalgia of Asian traditions and the modern romantic French architecture. Spacious, luxurious space, in harmony with meticulously selected design and furniture from color to texture lines. Sometimes your authentic experiences will come from the aged lined.<\/p>\n<p>&nbsp;<\/p>\n<p>&nbsp;<\/p>\n<h3 style=\"color: #996633; font-size: 35px; line-height: 50px;\"><b>Best services<\/b><\/h3>\n<p><span style=\"font-weight: 400;\">Bearing in mind the motto:\"Client is the top priority\", we always strive to bring you excellent services and constantly improving service quality to help you have great experiences and deep impressions upon visiting our place.<\/span><\/p>\n<p>&nbsp;<\/p>\n<p>&nbsp;<\/p>\n<h3 style=\"color: #996633; font-size: 35px; line-height: 50px;\"><b>24\/7 services<\/b><\/h3>\n<p style=\"text-align: justify;\">Driven by a team of professional and experienced staff, Artis Hotel is all time ready  to serve  and to offer great facilities and services.<\/p>\n<p>&nbsp;<\/p>\n<p>&nbsp;<\/p>\n<h3 style=\"color: #996633; font-size: 35px; line-height: 50px;\"><b>Transportation<\/b><\/h3>\n<p><span style=\"font-weight: 400;\">Spacious and free parking lot for guest. Besides, motorbike renting service is also available for guests who love to experience the city by themselves.<\/span><\/p>\n\n\t\t<\/div>\n\t<\/div>\n<\/div><\/div><\/div><\/div><div class=\"vc_row wpb_row vc_row-fluid vc_custom_1492509935473\"><div class=\"wpb_column vc_column_container vc_col-sm-4\"><div class=\"vc_column-inner\"><div class=\"wpb_wrapper\"><div style=\"background-color:; height: 25px;\" class=\"nicdark_section\"><\/div>\n\n    <div class=\"nd_options_section nd_options_position_relative\">\n\n        <img style=\"top:10px;\" alt=\"\" class=\"nd_options_position_absolute nd_options_left_0\" width=\"50\" src=\"https:\/\/artishotel.vn\/wp-content\/uploads\/2017\/07\/icon-13.png\">\n\n        <div style=\"padding-left:70px;\" class=\"nd_options_section nd_options_box_sizing_border_box\">\n            \n             \n            <p class=\"nd_options_second_font\" style=\"margin:0px 0px 15px 0px; color:#878787; font-size:14px;line-height:24px;\">A minibar availalbe in each room will be ready to serve you whenever you need.<\/p> \n            <a class=\"nd_options_second_font nd_options_display_inline_block\" style=\"font-size:11px; line-height:11px; border-radius:0px; border:0px solid #ffffff; background-color:#163633; padding:8px 12px; color:#ffffff;\" rel=\"\"  href=\"#\">BEVARAGE<\/a>\n\n        <\/div>\n\n    <\/div>\n\n  <\/div><\/div><\/div><div class=\"wpb_column vc_column_container vc_col-sm-4\"><div class=\"vc_column-inner\"><div class=\"wpb_wrapper\"><div style=\"background-color:; height: 25px;\" class=\"nicdark_section\"><\/div>\n\n    <div class=\"nd_options_section nd_options_position_relative\">\n\n        <img style=\"top:10px;\" alt=\"\" class=\"nd_options_position_absolute nd_options_left_0\" width=\"50\" src=\"https:\/\/artishotel.vn\/wp-content\/uploads\/2017\/07\/icon-12-1.png\">\n\n        <div style=\"padding-left:70px;\" class=\"nd_options_section nd_options_box_sizing_border_box\">\n            \n             \n            <p class=\"nd_options_second_font\" style=\"margin:0px 0px 15px 0px; color:#878787; font-size:14px;line-height:24px;\">Free wifi covering the building.<\/p> \n            <a class=\"nd_options_second_font nd_options_display_inline_block\" style=\"font-size:11px; line-height:11px; border-radius:0px; border:0px solid #ffffff; background-color:#163633; padding:8px 12px; color:#ffffff;\" rel=\"\"  href=\"#\">WIFI<\/a>\n\n        <\/div>\n\n    <\/div>\n\n  <\/div><\/div><\/div><div class=\"wpb_column vc_column_container vc_col-sm-4\"><div class=\"vc_column-inner\"><div class=\"wpb_wrapper\"><div style=\"background-color:; height: 25px;\" class=\"nicdark_section\"><\/div>\n\n    <div class=\"nd_options_section nd_options_position_relative\">\n\n        <img style=\"top:10px;\" alt=\"\" class=\"nd_options_position_absolute nd_options_left_0\" width=\"50\" src=\"https:\/\/artishotel.vn\/wp-content\/uploads\/2017\/07\/icon-11.png\">\n\n        <div style=\"padding-left:70px;\" class=\"nd_options_section nd_options_box_sizing_border_box\">\n            \n             \n            <p class=\"nd_options_second_font\" style=\"margin:0px 0px 15px 0px; color:#878787; font-size:14px;line-height:24px;\">Bikes are ready for guests to take and explore the city.<\/p> \n            <a class=\"nd_options_second_font nd_options_display_inline_block\" style=\"font-size:11px; line-height:11px; border-radius:0px; border:0px solid #ffffff; background-color:#163633; padding:8px 12px; color:#ffffff;\" rel=\"\"  href=\"#\">BIKE RENTAL SERVICE<\/a>\n\n        <\/div>\n\n    <\/div>\n\n  <\/div><\/div><\/div><\/div>","protected":false},"excerpt":{"rendered":"Ch\u00e0o m\u1eebng \u0111\u1ebfn v\u1edbi Artis Hotel \u0110\u00e0 L\u1ea1t &nbsp; Artis Hotel - n\u01a1i ngh\u1ec9 d\u01b0\u1ee1ng tuy\u1ec7t v\u1eddi, l\u00e0 \u0111i\u1ec3m d\u1eebng ch\u00e2n l\u00fd t\u01b0\u1edfng gi\u1eefa v\u00f4 v\u00e0n l\u1ef1a ch\u1ecdn t\u1ea1i Th\u00e0nh ph\u1ed1 ng\u00e0n hoa. Artis Hotel c\u00f3 v\u1ecb tr\u00ed n\u1eb1m ngay trung t\u00e2m th\u00e0nh ph\u1ed1 \u0110\u00e0 L\u1ea1t, tr\u00ean con \u0111\u01b0\u1eddng Ho\u00e0ng Di\u1ec7u nh\u1ed9n nh\u1ecbp v\u00e0 c\u00e1ch [...]","protected":false},"author":1,"featured_media":2873,"parent":0,"menu_order":0,"comment_status":"closed","ping_status":"closed","template":"","meta":[],"acf":[],"yoast_head":"<!-- This site is optimized with the Yoast SEO plugin v17.8 - https:\/\/yoast.com\/wordpress\/plugins\/seo\/ -->\n<title>Gi\u1edbi thi\u1ec7u - Artishotel<\/title>\n<meta name=\"description\" content=\"Mang trong m\u00ecnh v\u1ebb \u0111\u1eb9p quy\u1ebfn r\u0169, nh\u1eefng n\u00e9t v\u0103n h\u00f3a \u0111\u1ed9c \u0111\u00e1o, t\u1ec9 m\u1ec9 \u0111\u1ebfn t\u1eebng chi ti\u1ebft, Artis Hotel l\u00e0 \u0111i\u1ec3m \u0111\u1ebfn l\u00fd t\u01b0\u1edfng \u0111\u1ec3 th\u01b0 gi\u00e3n t\u1ea1i \u0110\u00e0 L\u1ea1t.\" \/>\n<meta name=\"robots\" content=\"index, follow, max-snippet:-1, max-image-preview:large, max-video-preview:-1\" \/>\n<link rel=\"canonical\" href=\"https:\/\/artishotel.vn\/en\/article\/\" \/>\n<meta property=\"og:locale\" content=\"en_US\" \/>\n<meta property=\"og:type\" content=\"article\" \/>\n<meta property=\"og:title\" content=\"Gi\u1edbi thi\u1ec7u - Artishotel\" \/>\n<meta property=\"og:description\" content=\"Mang trong m\u00ecnh v\u1ebb \u0111\u1eb9p quy\u1ebfn r\u0169, nh\u1eefng n\u00e9t v\u0103n h\u00f3a \u0111\u1ed9c \u0111\u00e1o, t\u1ec9 m\u1ec9 \u0111\u1ebfn t\u1eebng chi ti\u1ebft, Artis Hotel l\u00e0 \u0111i\u1ec3m \u0111\u1ebfn l\u00fd t\u01b0\u1edfng \u0111\u1ec3 th\u01b0 gi\u00e3n t\u1ea1i \u0110\u00e0 L\u1ea1t.\" \/>\n<meta property=\"og:url\" content=\"https:\/\/artishotel.vn\/en\/article\/\" \/>\n<meta property=\"og:site_name\" content=\"Artishotel\" \/>\n<meta property=\"article:modified_time\" content=\"2022-06-24T08:55:35+00:00\" \/>\n<meta property=\"og:image\" content=\"https:\/\/artishotel.vn\/wp-content\/uploads\/2021\/12\/ve-chung-toi.png\" \/>\n\t<meta property=\"og:image:width\" content=\"2010\" \/>\n\t<meta property=\"og:image:height\" content=\"400\" \/>\n<meta name=\"twitter:card\" content=\"summary_large_image\" \/>\n<meta name=\"twitter:label1\" content=\"Est. reading time\" \/>\n\t<meta name=\"twitter:data1\" content=\"5 minutes\" \/>\n<script type=\"application\/ld+json\" class=\"yoast-schema-graph\">{\"@context\":\"https:\/\/schema.org\",\"@graph\":[{\"@type\":\"WebSite\",\"@id\":\"https:\/\/artishotel.vn\/#website\",\"url\":\"https:\/\/artishotel.vn\/\",\"name\":\"Artishotel\",\"description\":\"Artishotel\",\"potentialAction\":[{\"@type\":\"SearchAction\",\"target\":{\"@type\":\"EntryPoint\",\"urlTemplate\":\"https:\/\/artishotel.vn\/?s={search_term_string}\"},\"query-input\":\"required name=search_term_string\"}],\"inLanguage\":\"en-US\"},{\"@type\":\"ImageObject\",\"@id\":\"https:\/\/artishotel.vn\/gioi-thieu\/#primaryimage\",\"inLanguage\":\"en-US\",\"url\":\"https:\/\/artishotel.vn\/wp-content\/uploads\/2021\/12\/ve-chung-toi.png\",\"contentUrl\":\"https:\/\/artishotel.vn\/wp-content\/uploads\/2021\/12\/ve-chung-toi.png\",\"width\":2010,\"height\":400,\"caption\":\"artishotel-ve-chung-toi\"},{\"@type\":\"WebPage\",\"@id\":\"https:\/\/artishotel.vn\/gioi-thieu\/#webpage\",\"url\":\"https:\/\/artishotel.vn\/gioi-thieu\/\",\"name\":\"Gi\\u1edbi thi\\u1ec7u - Artishotel\",\"isPartOf\":{\"@id\":\"https:\/\/artishotel.vn\/#website\"},\"primaryImageOfPage\":{\"@id\":\"https:\/\/artishotel.vn\/gioi-thieu\/#primaryimage\"},\"datePublished\":\"2017-07-19T01:57:14+00:00\",\"dateModified\":\"2022-06-24T08:55:35+00:00\",\"description\":\"Mang trong m\\u00ecnh v\\u1ebb \\u0111\\u1eb9p quy\\u1ebfn r\\u0169, nh\\u1eefng n\\u00e9t v\\u0103n h\\u00f3a \\u0111\\u1ed9c \\u0111\\u00e1o, t\\u1ec9 m\\u1ec9 \\u0111\\u1ebfn t\\u1eebng chi ti\\u1ebft, Artis Hotel l\\u00e0 \\u0111i\\u1ec3m \\u0111\\u1ebfn l\\u00fd t\\u01b0\\u1edfng \\u0111\\u1ec3 th\\u01b0 gi\\u00e3n t\\u1ea1i \\u0110\\u00e0 L\\u1ea1t.\",\"breadcrumb\":{\"@id\":\"https:\/\/artishotel.vn\/gioi-thieu\/#breadcrumb\"},\"inLanguage\":\"en-US\",\"potentialAction\":[{\"@type\":\"ReadAction\",\"target\":[\"https:\/\/artishotel.vn\/gioi-thieu\/\"]}]},{\"@type\":\"BreadcrumbList\",\"@id\":\"https:\/\/artishotel.vn\/gioi-thieu\/#breadcrumb\",\"itemListElement\":[{\"@type\":\"ListItem\",\"position\":1,\"name\":\"Trang ch\\u1ee7\",\"item\":\"https:\/\/artishotel.vn\/\"},{\"@type\":\"ListItem\",\"position\":2,\"name\":\"Gi\\u1edbi thi\\u1ec7u\"}]}]}<\/script>\n<!-- \/ Yoast SEO plugin. -->","yoast_head_json":{"title":"Gi\u1edbi thi\u1ec7u - Artishotel","description":"Mang trong m\u00ecnh v\u1ebb \u0111\u1eb9p quy\u1ebfn r\u0169, nh\u1eefng n\u00e9t v\u0103n h\u00f3a \u0111\u1ed9c \u0111\u00e1o, t\u1ec9 m\u1ec9 \u0111\u1ebfn t\u1eebng chi ti\u1ebft, Artis Hotel l\u00e0 \u0111i\u1ec3m \u0111\u1ebfn l\u00fd t\u01b0\u1edfng \u0111\u1ec3 th\u01b0 gi\u00e3n t\u1ea1i \u0110\u00e0 L\u1ea1t.","robots":{"index":"index","follow":"follow","max-snippet":"max-snippet:-1","max-image-preview":"max-image-preview:large","max-video-preview":"max-video-preview:-1"},"canonical":"https:\/\/artishotel.vn\/en\/article\/","og_locale":"en_US","og_type":"article","og_title":"Gi\u1edbi thi\u1ec7u - Artishotel","og_description":"Mang trong m\u00ecnh v\u1ebb \u0111\u1eb9p quy\u1ebfn r\u0169, nh\u1eefng n\u00e9t v\u0103n h\u00f3a \u0111\u1ed9c \u0111\u00e1o, t\u1ec9 m\u1ec9 \u0111\u1ebfn t\u1eebng chi ti\u1ebft, Artis Hotel l\u00e0 \u0111i\u1ec3m \u0111\u1ebfn l\u00fd t\u01b0\u1edfng \u0111\u1ec3 th\u01b0 gi\u00e3n t\u1ea1i \u0110\u00e0 L\u1ea1t.","og_url":"https:\/\/artishotel.vn\/en\/article\/","og_site_name":"Artishotel","article_modified_time":"2022-06-24T08:55:35+00:00","og_image":[{"width":2010,"height":400,"url":"https:\/\/artishotel.vn\/wp-content\/uploads\/2021\/12\/ve-chung-toi.png","type":"image\/png"}],"twitter_card":"summary_large_image","twitter_misc":{"Est. reading time":"5 minutes"},"schema":{"@context":"https:\/\/schema.org","@graph":[{"@type":"WebSite","@id":"https:\/\/artishotel.vn\/#website","url":"https:\/\/artishotel.vn\/","name":"Artishotel","description":"Artishotel","potentialAction":[{"@type":"SearchAction","target":{"@type":"EntryPoint","urlTemplate":"https:\/\/artishotel.vn\/?s={search_term_string}"},"query-input":"required name=search_term_string"}],"inLanguage":"en-US"},{"@type":"ImageObject","@id":"https:\/\/artishotel.vn\/gioi-thieu\/#primaryimage","inLanguage":"en-US","url":"https:\/\/artishotel.vn\/wp-content\/uploads\/2021\/12\/ve-chung-toi.png","contentUrl":"https:\/\/artishotel.vn\/wp-content\/uploads\/2021\/12\/ve-chung-toi.png","width":2010,"height":400,"caption":"artishotel-ve-chung-toi"},{"@type":"WebPage","@id":"https:\/\/artishotel.vn\/gioi-thieu\/#webpage","url":"https:\/\/artishotel.vn\/gioi-thieu\/","name":"Gi\u1edbi thi\u1ec7u - Artishotel","isPartOf":{"@id":"https:\/\/artishotel.vn\/#website"},"primaryImageOfPage":{"@id":"https:\/\/artishotel.vn\/gioi-thieu\/#primaryimage"},"datePublished":"2017-07-19T01:57:14+00:00","dateModified":"2022-06-24T08:55:35+00:00","description":"Mang trong m\u00ecnh v\u1ebb \u0111\u1eb9p quy\u1ebfn r\u0169, nh\u1eefng n\u00e9t v\u0103n h\u00f3a \u0111\u1ed9c \u0111\u00e1o, t\u1ec9 m\u1ec9 \u0111\u1ebfn t\u1eebng chi ti\u1ebft, Artis Hotel l\u00e0 \u0111i\u1ec3m \u0111\u1ebfn l\u00fd t\u01b0\u1edfng \u0111\u1ec3 th\u01b0 gi\u00e3n t\u1ea1i \u0110\u00e0 L\u1ea1t.","breadcrumb":{"@id":"https:\/\/artishotel.vn\/gioi-thieu\/#breadcrumb"},"inLanguage":"en-US","potentialAction":[{"@type":"ReadAction","target":["https:\/\/artishotel.vn\/gioi-thieu\/"]}]},{"@type":"BreadcrumbList","@id":"https:\/\/artishotel.vn\/gioi-thieu\/#breadcrumb","itemListElement":[{"@type":"ListItem","position":1,"name":"Trang ch\u1ee7","item":"https:\/\/artishotel.vn\/"},{"@type":"ListItem","position":2,"name":"Gi\u1edbi thi\u1ec7u"}]}]}},"_links":{"self":[{"href":"https:\/\/artishotel.vn\/en\/wp-json\/wp\/v2\/pages\/433"}],"collection":[{"href":"https:\/\/artishotel.vn\/en\/wp-json\/wp\/v2\/pages"}],"about":[{"href":"https:\/\/artishotel.vn\/en\/wp-json\/wp\/v2\/types\/page"}],"author":[{"embeddable":true,"href":"https:\/\/artishotel.vn\/en\/wp-json\/wp\/v2\/users\/1"}],"replies":[{"embeddable":true,"href":"https:\/\/artishotel.vn\/en\/wp-json\/wp\/v2\/comments?post=433"}],"version-history":[{"count":0,"href":"https:\/\/artishotel.vn\/en\/wp-json\/wp\/v2\/pages\/433\/revisions"}],"wp:featuredmedia":[{"embeddable":true,"href":"https:\/\/artishotel.vn\/en\/wp-json\/wp\/v2\/media\/2873"}],"wp:attachment":[{"href":"https:\/\/artishotel.vn\/en\/wp-json\/wp\/v2\/media?parent=433"}],"curies":[{"name":"wp","href":"https:\/\/api.w.org\/{rel}","templated":true}]}}