{"id":34,"date":"2017-06-30T09:55:04","date_gmt":"2017-06-30T02:55:04","guid":{"rendered":"http:\/\/www.nicdarkthemes.com\/themes\/hotel\/wp\/demo\/?page_id=34"},"modified":"2021-10-17T13:43:25","modified_gmt":"2021-10-17T06:43:25","slug":"terms-and-conditions","status":"publish","type":"page","link":"https:\/\/artishotel.vn\/en\/terms-and-conditions\/","title":{"rendered":"\u0110i\u1ec1u kho\u1ea3n v\u00e0 \u0111i\u1ec1u ki\u1ec7n"},"content":{"rendered":"<div class=\"vc_row wpb_row vc_row-fluid vc_custom_1492612814975\"><div class=\"wpb_column vc_column_container vc_col-sm-8\"><div class=\"vc_column-inner\"><div class=\"wpb_wrapper\"><div style=\"background-color:; height: 20px;\" class=\"nicdark_section\"><\/div><div class=\"vc_row wpb_row vc_inner vc_row-fluid\"><div class=\"wpb_column vc_column_container vc_col-sm-12\"><div class=\"vc_column-inner\"><div class=\"wpb_wrapper\">\n\t<div class=\"wpb_text_column wpb_content_element\" >\n\t\t<div class=\"wpb_wrapper\">\n\t\t\t<h1>Booking Policy<\/h1>\n<p><span style=\"font-weight: 400;\">In this booking policy it is clearly stated the terms and conditions under which ARTIS HOTEL DALAT will provide hotel accommodation to you. Please read carefully the booking terms and conditions set forth below.<\/span><\/p>\n<p><span style=\"color: #996633;\"><a style=\"color: #996633;\" href=\"https:\/\/artishotel.vn\/en\/policy\/\">[See more]<\/a><\/span><\/p>\n\n\t\t<\/div>\n\t<\/div>\n<\/div><\/div><\/div><\/div><div style=\"background-color:; height: 20px;\" class=\"nicdark_section\"><\/div>\n\t<div class=\"wpb_text_column wpb_content_element\" >\n\t\t<div class=\"wpb_wrapper\">\n\t\t\t<h1>Privacy Policy<\/h1>\n<p><span style=\"font-weight: 400;\">We recommend that you return to this page to check and update each time we have a new announcement. Artis Hotel takes your privacy very seriously and we are committed to protecting your personal information. In this privacy policy explains about<\/span><span style=\"font-weight: 400;\"> the collection and use of customer information provided to Artis Hotel.\u00a0<\/span><\/p>\n<p><a href=\"https:\/\/artishotel.vn\/en\/policy-2\/\"><span style=\"color: #996633;\">[See more]<\/span><\/a><\/p>\n\n\t\t<\/div>\n\t<\/div>\n<div style=\"background-color:; height: 40px;\" class=\"nicdark_section\"><\/div> <h3 style=\"color:; padding:px; text-align:; font-size:25px; line-height:px; letter-spacing: px; font-weight:;\" class=\"\">Q&amp;A for customers<\/h3> <div style=\"background-color:; height: 30px;\" class=\"nicdark_section\"><\/div>\n  \n  <script type=\"text\/javascript\">\n    \/\/<![CDATA[\n    \n    jQuery(document).ready(function() {\n\n      \/\/toogle\n      jQuery( \".nd_options_toogle_title_open_2\" ).click(function() {\n        jQuery( \".nd_options_toogle_content_2\" ).show( \"slow\", function() {\n          jQuery( \".nd_options_toogle_title_open_2\" ).css(\"display\",\"none\");\n          jQuery( \".nd_options_toogle_title_close_2\" ).css(\"display\",\"block\");\n        });\n      });\n      jQuery( \".nd_options_toogle_title_close_2\" ).click(function() {\n        jQuery( \".nd_options_toogle_content_2\" ).hide( \"slow\", function() {\n          jQuery( \".nd_options_toogle_title_close_2\" ).css(\"display\",\"none\");\n          jQuery( \".nd_options_toogle_title_open_2\" ).css(\"display\",\"block\");  \n        }); \n      });\n\n    });\n\n    \/\/]]>\n  <\/script>\n\n  \n\n    <div class=\"nd_options_section nd_options_toogles_faq\">\n\n      <div class=\"nd_options_section nd_options_box_sizing_border_box\">\n        <p class=\"nd_options_toogle_title nd_options_first_font nd_options_font_size_17 nd_options_position_relative nd_options_padding_right_20 nd_options_padding_top_5 nd_options_padding_left_45 nd_options_padding_bottom_5\">\n          <span style=\"background-color:#c19b76;\" class=\"nd_options_cursor_pointer nd_options_text_align_center nd_options_toogle_title_open_2 nd_options_width_25 nd_options_height_25  nd_options_position_absolute nd_options_top_0 nd_options_left_0\">\n            <img alt=\"\" class=\"nd_options_margin_top_6\" width=\"12\" src=\"https:\/\/artishotel.vn\/wp-content\/plugins\/nd-shortcodes1\/shortcodes\/custom\/toogle\/icon-add-white.png\">\n          <\/span> \n          <span style=\"background-color:#c19b76;\"  class=\"nd_options_cursor_pointer nd_options_text_align_center nd_options_toogle_title_close_2 nd_options_width_25 nd_options_display_none nd_options_height_25  nd_options_position_absolute nd_options_top_0 nd_options_left_0\">\n            <img alt=\"\" class=\"nd_options_margin_top_6\" width=\"12\" src=\"https:\/\/artishotel.vn\/wp-content\/plugins\/nd-shortcodes1\/shortcodes\/custom\/toogle\/icon-less-white.png\">\n          <\/span>\n          Can I check in late at night, check out early in the morning?\n        <\/p>\n      <\/div>\n      \n      <div class=\"nd_options_display_none nd_options_padding_20 nd_options_padding_left_45 nd_options_toogle_content_2 nd_options_section nd_options_box_sizing_border_box\">\n        <p>Our hotel with 24-hour front desk staff, so you can check in late at night, check out early in the morning.<\/p>\n      <\/div>\n\n    <\/div>\n\n   <div style=\"background-color:; height: 20px;\" class=\"nicdark_section\"><\/div>\n  \n  <script type=\"text\/javascript\">\n    \/\/<![CDATA[\n    \n    jQuery(document).ready(function() {\n\n      \/\/toogle\n      jQuery( \".nd_options_toogle_title_open_428\" ).click(function() {\n        jQuery( \".nd_options_toogle_content_428\" ).show( \"slow\", function() {\n          jQuery( \".nd_options_toogle_title_open_428\" ).css(\"display\",\"none\");\n          jQuery( \".nd_options_toogle_title_close_428\" ).css(\"display\",\"block\");\n        });\n      });\n      jQuery( \".nd_options_toogle_title_close_428\" ).click(function() {\n        jQuery( \".nd_options_toogle_content_428\" ).hide( \"slow\", function() {\n          jQuery( \".nd_options_toogle_title_close_428\" ).css(\"display\",\"none\");\n          jQuery( \".nd_options_toogle_title_open_428\" ).css(\"display\",\"block\");  \n        }); \n      });\n\n    });\n\n    \/\/]]>\n  <\/script>\n\n  \n\n    <div class=\"nd_options_section nd_options_toogles_faq\">\n\n      <div class=\"nd_options_section nd_options_box_sizing_border_box\">\n        <p class=\"nd_options_toogle_title nd_options_first_font nd_options_font_size_17 nd_options_position_relative nd_options_padding_right_20 nd_options_padding_top_5 nd_options_padding_left_45 nd_options_padding_bottom_5\">\n          <span style=\"background-color:#c19b76;\" class=\"nd_options_cursor_pointer nd_options_text_align_center nd_options_toogle_title_open_428 nd_options_width_25 nd_options_height_25  nd_options_position_absolute nd_options_top_0 nd_options_left_0\">\n            <img alt=\"\" class=\"nd_options_margin_top_6\" width=\"12\" src=\"https:\/\/artishotel.vn\/wp-content\/plugins\/nd-shortcodes1\/shortcodes\/custom\/toogle\/icon-add-white.png\">\n          <\/span> \n          <span style=\"background-color:#c19b76;\"  class=\"nd_options_cursor_pointer nd_options_text_align_center nd_options_toogle_title_close_428 nd_options_width_25 nd_options_display_none nd_options_height_25  nd_options_position_absolute nd_options_top_0 nd_options_left_0\">\n            <img alt=\"\" class=\"nd_options_margin_top_6\" width=\"12\" src=\"https:\/\/artishotel.vn\/wp-content\/plugins\/nd-shortcodes1\/shortcodes\/custom\/toogle\/icon-less-white.png\">\n          <\/span>\n          Is there an airport shuttle service?\n        <\/p>\n      <\/div>\n      \n      <div class=\"nd_options_display_none nd_options_padding_20 nd_options_padding_left_45 nd_options_toogle_content_428 nd_options_section nd_options_box_sizing_border_box\">\n        <p>Yes. Please contact Customer Service for assistance in booking\/confirming airline tickets or booking airport transfers.<\/p>\n      <\/div>\n\n    <\/div>\n\n   <div style=\"background-color:; height: 20px;\" class=\"nicdark_section\"><\/div>\n  \n  <script type=\"text\/javascript\">\n    \/\/<![CDATA[\n    \n    jQuery(document).ready(function() {\n\n      \/\/toogle\n      jQuery( \".nd_options_toogle_title_open_143\" ).click(function() {\n        jQuery( \".nd_options_toogle_content_143\" ).show( \"slow\", function() {\n          jQuery( \".nd_options_toogle_title_open_143\" ).css(\"display\",\"none\");\n          jQuery( \".nd_options_toogle_title_close_143\" ).css(\"display\",\"block\");\n        });\n      });\n      jQuery( \".nd_options_toogle_title_close_143\" ).click(function() {\n        jQuery( \".nd_options_toogle_content_143\" ).hide( \"slow\", function() {\n          jQuery( \".nd_options_toogle_title_close_143\" ).css(\"display\",\"none\");\n          jQuery( \".nd_options_toogle_title_open_143\" ).css(\"display\",\"block\");  \n        }); \n      });\n\n    });\n\n    \/\/]]>\n  <\/script>\n\n  \n\n    <div class=\"nd_options_section nd_options_toogles_faq\">\n\n      <div class=\"nd_options_section nd_options_box_sizing_border_box\">\n        <p class=\"nd_options_toogle_title nd_options_first_font nd_options_font_size_17 nd_options_position_relative nd_options_padding_right_20 nd_options_padding_top_5 nd_options_padding_left_45 nd_options_padding_bottom_5\">\n          <span style=\"background-color:#c19b76;\" class=\"nd_options_cursor_pointer nd_options_text_align_center nd_options_toogle_title_open_143 nd_options_width_25 nd_options_height_25  nd_options_position_absolute nd_options_top_0 nd_options_left_0\">\n            <img alt=\"\" class=\"nd_options_margin_top_6\" width=\"12\" src=\"https:\/\/artishotel.vn\/wp-content\/plugins\/nd-shortcodes1\/shortcodes\/custom\/toogle\/icon-add-white.png\">\n          <\/span> \n          <span style=\"background-color:#c19b76;\"  class=\"nd_options_cursor_pointer nd_options_text_align_center nd_options_toogle_title_close_143 nd_options_width_25 nd_options_display_none nd_options_height_25  nd_options_position_absolute nd_options_top_0 nd_options_left_0\">\n            <img alt=\"\" class=\"nd_options_margin_top_6\" width=\"12\" src=\"https:\/\/artishotel.vn\/wp-content\/plugins\/nd-shortcodes1\/shortcodes\/custom\/toogle\/icon-less-white.png\">\n          <\/span>\n          How to book sightseeing car rental service?\n        <\/p>\n      <\/div>\n      \n      <div class=\"nd_options_display_none nd_options_padding_20 nd_options_padding_left_45 nd_options_toogle_content_143 nd_options_section nd_options_box_sizing_border_box\">\n        <p>Sightseeing car rental service will be arranged at your request (chargeable service). Please contact Customer Service for more information.<\/p>\n      <\/div>\n\n    <\/div>\n\n   <div style=\"background-color:; height: 20px;\" class=\"nicdark_section\"><\/div>\n  \n  <script type=\"text\/javascript\">\n    \/\/<![CDATA[\n    \n    jQuery(document).ready(function() {\n\n      \/\/toogle\n      jQuery( \".nd_options_toogle_title_open_189\" ).click(function() {\n        jQuery( \".nd_options_toogle_content_189\" ).show( \"slow\", function() {\n          jQuery( \".nd_options_toogle_title_open_189\" ).css(\"display\",\"none\");\n          jQuery( \".nd_options_toogle_title_close_189\" ).css(\"display\",\"block\");\n        });\n      });\n      jQuery( \".nd_options_toogle_title_close_189\" ).click(function() {\n        jQuery( \".nd_options_toogle_content_189\" ).hide( \"slow\", function() {\n          jQuery( \".nd_options_toogle_title_close_189\" ).css(\"display\",\"none\");\n          jQuery( \".nd_options_toogle_title_open_189\" ).css(\"display\",\"block\");  \n        }); \n      });\n\n    });\n\n    \/\/]]>\n  <\/script>\n\n  \n\n    <div class=\"nd_options_section nd_options_toogles_faq\">\n\n      <div class=\"nd_options_section nd_options_box_sizing_border_box\">\n        <p class=\"nd_options_toogle_title nd_options_first_font nd_options_font_size_17 nd_options_position_relative nd_options_padding_right_20 nd_options_padding_top_5 nd_options_padding_left_45 nd_options_padding_bottom_5\">\n          <span style=\"background-color:#c19b76;\" class=\"nd_options_cursor_pointer nd_options_text_align_center nd_options_toogle_title_open_189 nd_options_width_25 nd_options_height_25  nd_options_position_absolute nd_options_top_0 nd_options_left_0\">\n            <img alt=\"\" class=\"nd_options_margin_top_6\" width=\"12\" src=\"https:\/\/artishotel.vn\/wp-content\/plugins\/nd-shortcodes1\/shortcodes\/custom\/toogle\/icon-add-white.png\">\n          <\/span> \n          <span style=\"background-color:#c19b76;\"  class=\"nd_options_cursor_pointer nd_options_text_align_center nd_options_toogle_title_close_189 nd_options_width_25 nd_options_display_none nd_options_height_25  nd_options_position_absolute nd_options_top_0 nd_options_left_0\">\n            <img alt=\"\" class=\"nd_options_margin_top_6\" width=\"12\" src=\"https:\/\/artishotel.vn\/wp-content\/plugins\/nd-shortcodes1\/shortcodes\/custom\/toogle\/icon-less-white.png\">\n          <\/span>\n          Can I pay by credit card?\n        <\/p>\n      <\/div>\n      \n      <div class=\"nd_options_display_none nd_options_padding_20 nd_options_padding_left_45 nd_options_toogle_content_189 nd_options_section nd_options_box_sizing_border_box\">\n        <p>The hotel accepts payment cards: Visa, Master Card, JCB, Diners Club and AMEX.<\/p>\n      <\/div>\n\n    <\/div>\n\n   <div style=\"background-color:; height: 50px;\" class=\"nicdark_section\"><\/div><\/div><\/div><\/div><div class=\"wpb_column vc_column_container vc_col-sm-4\"><div class=\"vc_column-inner vc_custom_1486115020030\"><div class=\"wpb_wrapper\"><div style=\"background-color:; height: 20px;\" class=\"nicdark_section\"><\/div><div class=\"vc_row wpb_row vc_inner vc_row-fluid\"><div class=\"wpb_column vc_column_container vc_col-sm-12 vc_col-has-fill\"><div class=\"vc_column-inner vc_custom_1502726150459\"><div class=\"wpb_wrapper\"> <h5 style=\"color:#ffffff; padding:px; text-align:center; font-size:12px; line-height:12px; letter-spacing: 2px; font-weight:lighter;\" class=\"nd_options_second_font\">CONTACT<\/h5> <div style=\"background-color:; height: 10px;\" class=\"nicdark_section\"><\/div> <h2 style=\"color:#ffffff; padding:px; text-align:center; font-size:25px; line-height:25px; letter-spacing: px; font-weight:normal;\" class=\"nd_options_first_font\">Fill in the Form<\/h2> <div style=\"background-color:; height: 20px;\" class=\"nicdark_section\"><\/div>\n\n    <style>\n\n    #nd_options_shortcode_cf7_697 input[type=\"text\"],\n    #nd_options_shortcode_cf7_697 input[type=\"email\"],\n    #nd_options_shortcode_cf7_697 input[type=\"url\"],\n    #nd_options_shortcode_cf7_697 input[type=\"tel\"],\n    #nd_options_shortcode_cf7_697 input[type=\"number\"],\n    #nd_options_shortcode_cf7_697 input[type=\"date\"],\n    #nd_options_shortcode_cf7_697 input[type=\"checkbox\"],\n    #nd_options_shortcode_cf7_697 input[type=\"file\"],\n    #nd_options_shortcode_cf7_697 textarea,\n    #nd_options_shortcode_cf7_697 label,\n    #nd_options_shortcode_cf7_697 select\n    {\n\n      width: 100%;\n\n    }\n\n\n    .nd_options_customizer_forms span.wpcf7-not-valid-tip,\n    .nd_options_customizer_forms .wpcf7-response-output.wpcf7-validation-errors,\n    .nd_options_customizer_forms .wpcf7-response-output.wpcf7-mail-sent-ok\n    {\n\n      float: left;\n      width: 100%;\n      box-sizing: border-box;\n\n    }\n\n    <\/style>\n\n  \n\n    <!--start form-->\n    <div id=\"nd_options_shortcode_cf7_697\" class=\"nd_options_section\">\n      \n      <div class=\"nd_options_section nd_options_box_sizing_border_box\">\n        <div role=\"form\" class=\"wpcf7\" id=\"wpcf7-f697-o1\" lang=\"en-US\" dir=\"ltr\">\n<div class=\"screen-reader-response\"><p role=\"status\" aria-live=\"polite\" aria-atomic=\"true\"><\/p> <ul><\/ul><\/div>\n<form action=\"\/en\/wp-json\/wp\/v2\/pages\/34#wpcf7-f697-o1\" method=\"post\" class=\"wpcf7-form init\" novalidate=\"novalidate\" data-status=\"init\" data-trp-original-action=\"\/en\/wp-json\/wp\/v2\/pages\/34#wpcf7-f697-o1\">\n<div style=\"display: none;\">\n<input type=\"hidden\" name=\"_wpcf7\" value=\"697\" \/>\n<input type=\"hidden\" name=\"_wpcf7_version\" value=\"5.5.3\" \/>\n<input type=\"hidden\" name=\"_wpcf7_locale\" value=\"en_US\" \/>\n<input type=\"hidden\" name=\"_wpcf7_unit_tag\" value=\"wpcf7-f697-o1\" \/>\n<input type=\"hidden\" name=\"_wpcf7_container_post\" value=\"0\" \/>\n<input type=\"hidden\" name=\"_wpcf7_posted_data_hash\" value=\"\" \/>\n<\/div>\n<div class=\"nd_options_float_left nd_options_box_sizing_border_box nd_options_width_100_percentage_all_iphone_important nd_options_padding_0_right_important_all_iphone nd_options_padding_0_left_important_all_iphone\" style=\"padding: 0px 10px 15px 0px; width:100%;\" ><span class=\"wpcf7-form-control-wrap name-form\"><input type=\"text\" name=\"name-form\" value=\"\" size=\"40\" class=\"wpcf7-form-control wpcf7-text wpcf7-validates-as-required nd_booking_bg_greydark_2_important nd_booking_border_width_0_important nd_options_padding_10_20_important nd_options_margin_top_10 nd_options_font_weight_lighter\" aria-required=\"true\" aria-invalid=\"false\" placeholder=\"First and last name\" \/><\/span><\/div><div class=\"nd_options_float_left nd_options_box_sizing_border_box nd_options_width_100_percentage_all_iphone_important nd_options_padding_0_right_important_all_iphone nd_options_padding_0_left_important_all_iphone\" style=\"padding: 0px 10px 15px 0px; width:100%;\" ><span class=\"wpcf7-form-control-wrap email\"><input type=\"email\" name=\"email\" value=\"\" size=\"40\" class=\"wpcf7-form-control wpcf7-text wpcf7-email wpcf7-validates-as-required wpcf7-validates-as-email nd_booking_bg_greydark_2_important nd_booking_border_width_0_important nd_options_padding_10_20_important nd_options_margin_top_10 nd_options_font_weight_lighter\" aria-required=\"true\" aria-invalid=\"false\" placeholder=\"Email\" \/><\/span><\/div><div class=\"nd_options_float_left nd_options_box_sizing_border_box nd_options_width_100_percentage_all_iphone_important nd_options_padding_0_right_important_all_iphone nd_options_padding_0_left_important_all_iphone\" style=\"padding: 0px 10px 15px 0px; width:100%;\" ><span class=\"wpcf7-form-control-wrap message\"><textarea name=\"message\" cols=\"40\" rows=\"5\" class=\"wpcf7-form-control wpcf7-textarea nd_booking_bg_greydark_2_important nd_booking_border_width_0_important nd_options_padding_10_20_important nd_options_margin_top_10 nd_options_font_weight_lighter\" aria-invalid=\"false\" placeholder=\"content\"><\/textarea><\/span><\/div><div class=\"nd_options_float_left nd_options_box_sizing_border_box nd_options_width_100_percentage_all_iphone_important nd_options_padding_0_right_important_all_iphone nd_options_padding_0_left_important_all_iphone\" style=\"padding: 0px 0px 0px 0px; width:100%;\" ><input type=\"submit\" value=\"SEND\" class=\"wpcf7-form-control has-spinner wpcf7-submit nd_booking_padding_15_30_important nd_options_second_font_important nd_options_color_white nd_options_display_inline_block nd_options_font_size_11 nd_options_font_weight_bold nd_options_letter_spacing_2 nd_options_section\" \/><\/div>\n<p style=\"display: none !important;\"><label>\u0394<textarea name=\"_wpcf7_ak_hp_textarea\" cols=\"45\" rows=\"8\" maxlength=\"100\"><\/textarea><\/label><input type=\"hidden\" id=\"ak_js\" name=\"_wpcf7_ak_js\" value=\"33\"\/><script>document.getElementById( \"ak_js\" ).setAttribute( \"value\", ( new Date() ).getTime() );<\/script><\/p><div class=\"wpcf7-response-output\" aria-hidden=\"true\"><\/div><input type=\"hidden\" name=\"trp-form-language\" value=\"en\"\/><\/form><\/div> \n      <\/div>  \n\n    <\/div>\n    <!--end form-->\n\n   <\/div><\/div><\/div><\/div><div class=\"vc_row wpb_row vc_inner vc_row-fluid vc_custom_1512128298534 vc_row-has-fill\"><div class=\"wpb_column vc_column_container vc_col-sm-12 vc_col-has-fill\"><div class=\"vc_column-inner vc_custom_1512128282130\"><div class=\"wpb_wrapper\"> <h5 style=\"color:#ffffff; padding:px; text-align:center; font-size:12px; line-height:12px; letter-spacing: 2px; font-weight:lighter;\" class=\"nd_options_second_font\">Room<\/h5> <div style=\"background-color:; height: 10px;\" class=\"nicdark_section\"><\/div> <h2 style=\"color:#ffffff; padding:px; text-align:center; font-size:25px; line-height:25px; letter-spacing: px; font-weight:normal;\" class=\"nd_options_first_font\">Promotions<\/h2> <\/div><\/div><\/div><\/div><div style=\"background-color:; height: 20px;\" class=\"nicdark_section\"><\/div><\/div><\/div><\/div><\/div>","protected":false},"excerpt":{"rendered":"Ch\u00ednh s\u00e1ch \u0111\u1eb7t ph\u00f2ng Trong ch\u00ednh s\u00e1ch \u0111\u1eb7t ph\u00f2ng n\u00e0y quy \u0111\u1ecbnh r\u00f5 c\u00e1c \u0111i\u1ec1u kho\u1ea3n v\u00e0 \u0111i\u1ec1u ki\u1ec7n m\u00e0 ARTIS HOTEL DALAT s\u1ebd cung c\u1ea5p ch\u1ed7 \u1edf kh\u00e1ch s\u1ea1n cho qu\u00fd kh\u00e1ch. Vui l\u00f2ng \u0111\u1ecdc k\u1ef9 nh\u1eefng \u0111i\u1ec1u kho\u1ea3n v\u00e0 \u0111i\u1ec1u ki\u1ec7n \u0111\u1eb7t ph\u00f2ng \u0111\u01b0\u1ee3c quy \u0111\u1ecbnh d\u01b0\u1edbi \u0111\u00e2y. [Xem th\u00eam] Ch\u00ednh s\u00e1ch b\u1ea3o [...]","protected":false},"author":1,"featured_media":0,"parent":0,"menu_order":0,"comment_status":"closed","ping_status":"closed","template":"","meta":[],"acf":[],"yoast_head":"<!-- This site is optimized with the Yoast SEO plugin v17.8 - https:\/\/yoast.com\/wordpress\/plugins\/seo\/ -->\n<title>\u0110i\u1ec1u kho\u1ea3n v\u00e0 \u0111i\u1ec1u ki\u1ec7n - Artishotel<\/title>\n<meta name=\"robots\" content=\"index, follow, max-snippet:-1, max-image-preview:large, max-video-preview:-1\" \/>\n<link rel=\"canonical\" href=\"https:\/\/artishotel.vn\/en\/terms-and-conditions\/\" \/>\n<meta property=\"og:locale\" content=\"en_US\" \/>\n<meta property=\"og:type\" content=\"article\" \/>\n<meta property=\"og:title\" content=\"\u0110i\u1ec1u kho\u1ea3n v\u00e0 \u0111i\u1ec1u ki\u1ec7n - Artishotel\" \/>\n<meta property=\"og:url\" content=\"https:\/\/artishotel.vn\/en\/terms-and-conditions\/\" \/>\n<meta property=\"og:site_name\" content=\"Artishotel\" \/>\n<meta property=\"article:modified_time\" content=\"2021-10-17T06:43:25+00:00\" \/>\n<meta name=\"twitter:card\" content=\"summary_large_image\" \/>\n<meta name=\"twitter:label1\" content=\"Est. reading time\" \/>\n\t<meta name=\"twitter:data1\" content=\"5 minutes\" \/>\n<script type=\"application\/ld+json\" class=\"yoast-schema-graph\">{\"@context\":\"https:\/\/schema.org\",\"@graph\":[{\"@type\":\"WebSite\",\"@id\":\"https:\/\/artishotel.vn\/#website\",\"url\":\"https:\/\/artishotel.vn\/\",\"name\":\"Artishotel\",\"description\":\"Artishotel\",\"potentialAction\":[{\"@type\":\"SearchAction\",\"target\":{\"@type\":\"EntryPoint\",\"urlTemplate\":\"https:\/\/artishotel.vn\/?s={search_term_string}\"},\"query-input\":\"required name=search_term_string\"}],\"inLanguage\":\"en-US\"},{\"@type\":\"WebPage\",\"@id\":\"https:\/\/artishotel.vn\/terms-and-conditions\/#webpage\",\"url\":\"https:\/\/artishotel.vn\/terms-and-conditions\/\",\"name\":\"\\u0110i\\u1ec1u kho\\u1ea3n v\\u00e0 \\u0111i\\u1ec1u ki\\u1ec7n - Artishotel\",\"isPartOf\":{\"@id\":\"https:\/\/artishotel.vn\/#website\"},\"datePublished\":\"2017-06-30T02:55:04+00:00\",\"dateModified\":\"2021-10-17T06:43:25+00:00\",\"breadcrumb\":{\"@id\":\"https:\/\/artishotel.vn\/terms-and-conditions\/#breadcrumb\"},\"inLanguage\":\"en-US\",\"potentialAction\":[{\"@type\":\"ReadAction\",\"target\":[\"https:\/\/artishotel.vn\/terms-and-conditions\/\"]}]},{\"@type\":\"BreadcrumbList\",\"@id\":\"https:\/\/artishotel.vn\/terms-and-conditions\/#breadcrumb\",\"itemListElement\":[{\"@type\":\"ListItem\",\"position\":1,\"name\":\"Trang ch\\u1ee7\",\"item\":\"https:\/\/artishotel.vn\/\"},{\"@type\":\"ListItem\",\"position\":2,\"name\":\"\\u0110i\\u1ec1u kho\\u1ea3n v\\u00e0 \\u0111i\\u1ec1u ki\\u1ec7n\"}]}]}<\/script>\n<!-- \/ Yoast SEO plugin. -->","yoast_head_json":{"title":"\u0110i\u1ec1u kho\u1ea3n v\u00e0 \u0111i\u1ec1u ki\u1ec7n - Artishotel","robots":{"index":"index","follow":"follow","max-snippet":"max-snippet:-1","max-image-preview":"max-image-preview:large","max-video-preview":"max-video-preview:-1"},"canonical":"https:\/\/artishotel.vn\/en\/terms-and-conditions\/","og_locale":"en_US","og_type":"article","og_title":"\u0110i\u1ec1u kho\u1ea3n v\u00e0 \u0111i\u1ec1u ki\u1ec7n - Artishotel","og_url":"https:\/\/artishotel.vn\/en\/terms-and-conditions\/","og_site_name":"Artishotel","article_modified_time":"2021-10-17T06:43:25+00:00","twitter_card":"summary_large_image","twitter_misc":{"Est. reading time":"5 minutes"},"schema":{"@context":"https:\/\/schema.org","@graph":[{"@type":"WebSite","@id":"https:\/\/artishotel.vn\/#website","url":"https:\/\/artishotel.vn\/","name":"Artishotel","description":"Artishotel","potentialAction":[{"@type":"SearchAction","target":{"@type":"EntryPoint","urlTemplate":"https:\/\/artishotel.vn\/?s={search_term_string}"},"query-input":"required name=search_term_string"}],"inLanguage":"en-US"},{"@type":"WebPage","@id":"https:\/\/artishotel.vn\/terms-and-conditions\/#webpage","url":"https:\/\/artishotel.vn\/terms-and-conditions\/","name":"\u0110i\u1ec1u kho\u1ea3n v\u00e0 \u0111i\u1ec1u ki\u1ec7n - Artishotel","isPartOf":{"@id":"https:\/\/artishotel.vn\/#website"},"datePublished":"2017-06-30T02:55:04+00:00","dateModified":"2021-10-17T06:43:25+00:00","breadcrumb":{"@id":"https:\/\/artishotel.vn\/terms-and-conditions\/#breadcrumb"},"inLanguage":"en-US","potentialAction":[{"@type":"ReadAction","target":["https:\/\/artishotel.vn\/terms-and-conditions\/"]}]},{"@type":"BreadcrumbList","@id":"https:\/\/artishotel.vn\/terms-and-conditions\/#breadcrumb","itemListElement":[{"@type":"ListItem","position":1,"name":"Trang ch\u1ee7","item":"https:\/\/artishotel.vn\/"},{"@type":"ListItem","position":2,"name":"\u0110i\u1ec1u kho\u1ea3n v\u00e0 \u0111i\u1ec1u ki\u1ec7n"}]}]}},"_links":{"self":[{"href":"https:\/\/artishotel.vn\/en\/wp-json\/wp\/v2\/pages\/34"}],"collection":[{"href":"https:\/\/artishotel.vn\/en\/wp-json\/wp\/v2\/pages"}],"about":[{"href":"https:\/\/artishotel.vn\/en\/wp-json\/wp\/v2\/types\/page"}],"author":[{"embeddable":true,"href":"https:\/\/artishotel.vn\/en\/wp-json\/wp\/v2\/users\/1"}],"replies":[{"embeddable":true,"href":"https:\/\/artishotel.vn\/en\/wp-json\/wp\/v2\/comments?post=34"}],"version-history":[{"count":0,"href":"https:\/\/artishotel.vn\/en\/wp-json\/wp\/v2\/pages\/34\/revisions"}],"wp:attachment":[{"href":"https:\/\/artishotel.vn\/en\/wp-json\/wp\/v2\/media?parent=34"}],"curies":[{"name":"wp","href":"https:\/\/api.w.org\/{rel}","templated":true}]}}