{"id":3,"date":"2021-06-04T10:31:36","date_gmt":"2021-06-04T03:31:36","guid":{"rendered":"http:\/\/artishotel.123websitedev.com\/?page_id=3"},"modified":"2021-10-17T02:40:58","modified_gmt":"2021-10-16T19:40:58","slug":"chinh-sach-bao-mat","status":"publish","type":"page","link":"https:\/\/artishotel.vn\/en\/policy-2\/","title":{"rendered":"Privacy Policy"},"content":{"rendered":"<div class=\"vc_row wpb_row vc_row-fluid\"><div class=\"wpb_column vc_column_container vc_col-sm-12\"><div class=\"vc_column-inner\"><div class=\"wpb_wrapper\"><div style=\"background-color:; height: 10px;\" class=\"nicdark_section\"><\/div>\n\t<div class=\"wpb_text_column wpb_content_element\" >\n\t\t<div class=\"wpb_wrapper\">\n\t\t\t<h1><span style=\"color: #996633;\">TERMS OF USE ARTIS HOTEL DALAT<\/span><\/h1>\n\n\t\t<\/div>\n\t<\/div>\n<div style=\"background-color:; height: 10px;\" class=\"nicdark_section\"><\/div>\n\t<div class=\"wpb_text_column wpb_content_element\" >\n\t\t<div class=\"wpb_wrapper\">\n\t\t\t<p>Welcome to ARTIS HOTEL DALAT! We reserve the right to update and change the content in this \u201cPrivacy Policy\u201d at the website of Artis Hotel Dalat at any time without prior notice. Artis Hotel takes your privacy very seriously and we are committed to protecting your personal information. In this privacy policy we provide terms to explain the collection and use of customer information provided to Artis Hotel as well as the benefits of guest experience when accessing the website. Please take a moment to read carefully the terms and information privacy policy we set forth below.<\/p>\n<p>&nbsp;<\/p>\n<p>The content of this &quot;Privacy Policy&quot; applies only at Artis Hotel, does not include or relate to third parties that place advertisements or have links at the website. <span style=\"color: #996633;\"><a style=\"color: #996633;\" href=\"https:\/\/artishotel.vn\/en\/\">Artis Hotel Dalat<\/a><\/span>.<\/p>\n\n\t\t<\/div>\n\t<\/div>\n<div style=\"background-color:; height: 10px;\" class=\"nicdark_section\"><\/div>\n\t<div class=\"wpb_text_column wpb_content_element\" >\n\t\t<div class=\"wpb_wrapper\">\n\t\t\t<h2><strong>1. Information Collected<\/strong><\/h2>\n\n\t\t<\/div>\n\t<\/div>\n<div style=\"background-color:; height: 5px;\" class=\"nicdark_section\"><\/div>\n\t<div class=\"wpb_text_column wpb_content_element\" >\n\t\t<div class=\"wpb_wrapper\">\n\t\t\t<p>We only use Customer&#039;s personal information within the company. We will not sell or share Customer&#039;s personal information to any other third parties. We will collect and process many different types of personal information of customers when customers want to make a reservation on the website <span style=\"color: #996633;\"><a style=\"color: #996633;\" href=\"https:\/\/artishotel.vn\/en\/\">Artis Hotel Dalat<\/a><\/span> for the purpose of enabling us to process your booking, provide the services and information requested through the website and upon your request.<\/p>\n<p>&nbsp;<\/p>\n<p>In order to access and use certain services at our website, you may be required to register with us including but not limited to personal information: name, date of birth, phone number, address, email, booking payment details, payment details by card or bank account\u2026). All information provided by customers must be accurate and legal. We absolutely do not take any responsibility related to the law of the information provided by customers.<\/p>\n<p>We keep our customer&#039;s booking details, but for security reasons we don&#039;t publish them directly. However, you can check your booking information by logging into your account on Artis Hotel Dalat website, you will see your booking details, products received and products purchased. send and detail the email, bank and newsletter that you subscribe to. Commitment to the confidentiality of personal data and not to disclose it to third parties. We do not accept any responsibility for the misuse of the password if this is not our fault.<\/p>\n<p>We may disclose or provide your personal information in the following cases when it is absolutely necessary:<br \/>(a) upon request by law enforcement;<br \/>(b) in cases where we believe it will help us to protect our legitimate interests before the law;<br \/>(c) emergency and necessary situations to protect the personal safety of company members.<\/p>\n\n\t\t<\/div>\n\t<\/div>\n<div style=\"background-color:; height: 10px;\" class=\"nicdark_section\"><\/div>\n\t<div class=\"wpb_text_column wpb_content_element\" >\n\t\t<div class=\"wpb_wrapper\">\n\t\t\t<h2><strong>2. Information storage time<\/strong><\/h2>\n\n\t\t<\/div>\n\t<\/div>\n<div style=\"background-color:; height: 5px;\" class=\"nicdark_section\"><\/div>\n\t<div class=\"wpb_text_column wpb_content_element\" >\n\t\t<div class=\"wpb_wrapper\">\n\t\t\t<p>We proceed to store personal information provided by customers during the process of providing services to customers or until the purpose of collection is completed or when customers request to destroy the provided information. . After that, if we no longer require information to be kept, we will delete your personal profile data from the system.<\/p>\n\n\t\t<\/div>\n\t<\/div>\n<div style=\"background-color:; height: 10px;\" class=\"nicdark_section\"><\/div>\n\t<div class=\"wpb_text_column wpb_content_element\" >\n\t\t<div class=\"wpb_wrapper\">\n\t\t\t<h2><strong>3. Use of Cookies<\/strong><\/h2>\n\n\t\t<\/div>\n\t<\/div>\n<div style=\"background-color:; height: 5px;\" class=\"nicdark_section\"><\/div>\n\t<div class=\"wpb_text_column wpb_content_element\" >\n\t\t<div class=\"wpb_wrapper\">\n\t\t\t<p>Cookies are small pieces of text used to store information on a web browser. Cookies are used to store and identify the username from the client&#039;s device to our server.<\/p>\n<p>By using cookies, we can improve the presence of our website for you to enhance your browsing experience, personalize content, and tailor and measure our advertising. Customers can set up the browser on their device not to use cookies, which will limit their use of the website. We are committed to using cookies only to identify IP addresses, record access times and do not include and do not require any private and secure personal content. Please read our cookie usage policy carefully and accept our commitment.<\/p>\n\n\t\t<\/div>\n\t<\/div>\n<div style=\"background-color:; height: 10px;\" class=\"nicdark_section\"><\/div>\n\t<div class=\"wpb_text_column wpb_content_element\" >\n\t\t<div class=\"wpb_wrapper\">\n\t\t\t<h2><strong>4. Security<\/strong><\/h2>\n\n\t\t<\/div>\n\t<\/div>\n<div style=\"background-color:; height: 5px;\" class=\"nicdark_section\"><\/div>\n\t<div class=\"wpb_text_column wpb_content_element\" >\n\t\t<div class=\"wpb_wrapper\">\n\t\t\t<p>We will implement integrated security measures in technology to protect personal data from loss, misuse, alteration or damaging destruction of customer information. Only authorized persons are provided with access to personal data; those individuals have agreed to maintain the confidentiality of this personal data.<\/p>\n<p>When we collect data on the website, we collect your personal details on a secure server. We are not responsible at all for any loss Customers may incur in exchanging their payment details via the Internet or email with anyone.<\/p>\n<p>&nbsp;<\/p>\n<p>All transaction information will be kept confidential. In the event of a request by law enforcement, we will be required to provide this information to law enforcement agencies. The terms, conditions and content of this website will be governed by the laws of Vietnam and the competent Vietnamese courts to consider.<\/p>\n\n\t\t<\/div>\n\t<\/div>\n<div style=\"background-color:; height: 10px;\" class=\"nicdark_section\"><\/div>\n\t<div class=\"wpb_text_column wpb_content_element\" >\n\t\t<div class=\"wpb_wrapper\">\n\t\t\t<h2><strong>5. Customer benefits<\/strong><\/h2>\n\n\t\t<\/div>\n\t<\/div>\n<div style=\"background-color:; height: 5px;\" class=\"nicdark_section\"><\/div>\n\t<div class=\"wpb_text_column wpb_content_element\" >\n\t\t<div class=\"wpb_wrapper\">\n\t\t\t<p>The customer has the right to request access to his personal data, to check, update and correct his information, or you have the right to ask us to correct any of your personal data that is incomplete. sufficient or incorrect. Customers also have the right to complain and ask us to stop using your personal data at any time for marketing purposes. You can do this by contacting us using the following email address <span style=\"color: #996633;\">info@artishotel.vn.<\/span><\/p>\n\n\t\t<\/div>\n\t<\/div>\n<div style=\"background-color:; height: 10px;\" class=\"nicdark_section\"><\/div>\n\t<div class=\"wpb_text_column wpb_content_element\" >\n\t\t<div class=\"wpb_wrapper\">\n\t\t\t<h2><strong>6. Right to withdraw consent<\/strong><\/h2>\n\n\t\t<\/div>\n\t<\/div>\n<div style=\"background-color:; height: 5px;\" class=\"nicdark_section\"><\/div>\n\t<div class=\"wpb_text_column wpb_content_element\" >\n\t\t<div class=\"wpb_wrapper\">\n\t\t\t<p>Once the customer has agreed to provide us with personal information and always has the right to withdraw this decision at any time. You can do this by contacting us using the following email address <span style=\"color: #996633;\">\u00a0info@artishotel.vn<\/span>.<\/p>\n\n\t\t<\/div>\n\t<\/div>\n<div style=\"background-color:; height: 10px;\" class=\"nicdark_section\"><\/div>\n\t<div class=\"wpb_text_column wpb_content_element\" >\n\t\t<div class=\"wpb_wrapper\">\n\t\t\t<h2><strong>7. Contact details and feedback<\/strong><\/h2>\n\n\t\t<\/div>\n\t<\/div>\n<div style=\"background-color:; height: 5px;\" class=\"nicdark_section\"><\/div>\n\t<div class=\"wpb_text_column wpb_content_element\" >\n\t\t<div class=\"wpb_wrapper\">\n\t\t\t<p>ARTIS HOTEL DALAT address: No.11 Hoang Dieu Street, Ward 5, City. Da Lat, Lam Dong Province, Vietnam.<br \/>If you would like to comment or have any questions about the \u201cPrivacy Policy\u201d of Artis Hotel Dalat or our handling of your personal data, we always welcome your comments. and feedback from customers. Please contact us at our email address: <span style=\"color: #996633;\">info@artishotel.vn<\/span> or hotline: 0945.78.78.78.<\/p>\n\n\t\t<\/div>\n\t<\/div>\n<\/div><\/div><\/div><\/div>","protected":false},"excerpt":{"rendered":"\u0110I\u1ec0U KHO\u1ea2N S\u1eec D\u1ee4NG D\u1ecaCH V\u1ee4 ARTIS HOTEL DALAT Ch\u00e0o m\u1eebng b\u1ea1n \u0111\u1ebfn v\u1edbi ARTIS HOTEL DALAT! Ch\u00fang t\u00f4i c\u00f3 quy\u1ec1n c\u1eadp nh\u1eadt v\u00e0 thay \u0111\u1ed5i n\u1ed9i dung trong \u201cCh\u00ednh s\u00e1ch b\u1ea3o m\u1eadt\u201d n\u00e0y t\u1ea1i website c\u1ee7a Artis Hotel Dalat v\u00e0o b\u1ea5t k\u1ef3 th\u1eddi \u0111i\u1ec3m n\u00e0o m\u00e0 kh\u00f4ng c\u1ea7n ph\u1ea3i b\u00e1o tr\u01b0\u1edbc. Artis Hotel r\u1ea5t [...]","protected":false},"author":1,"featured_media":0,"parent":0,"menu_order":0,"comment_status":"closed","ping_status":"closed","template":"","meta":[],"acf":[],"yoast_head":"<!-- This site is optimized with the Yoast SEO plugin v17.8 - https:\/\/yoast.com\/wordpress\/plugins\/seo\/ -->\n<title>Ch\u00ednh s\u00e1ch b\u1ea3o m\u1eadt - Artishotel<\/title>\n<meta name=\"robots\" content=\"index, follow, max-snippet:-1, max-image-preview:large, max-video-preview:-1\" \/>\n<link rel=\"canonical\" href=\"https:\/\/artishotel.vn\/en\/policy-2\/\" \/>\n<meta property=\"og:locale\" content=\"en_US\" \/>\n<meta property=\"og:type\" content=\"article\" \/>\n<meta property=\"og:title\" content=\"Ch\u00ednh s\u00e1ch b\u1ea3o m\u1eadt - Artishotel\" \/>\n<meta property=\"og:url\" content=\"https:\/\/artishotel.vn\/en\/policy-2\/\" \/>\n<meta property=\"og:site_name\" content=\"Artishotel\" \/>\n<meta property=\"article:modified_time\" content=\"2021-10-16T19:40:58+00:00\" \/>\n<meta name=\"twitter:card\" content=\"summary_large_image\" \/>\n<meta name=\"twitter:label1\" content=\"Est. reading time\" \/>\n\t<meta name=\"twitter:data1\" content=\"12 minutes\" \/>\n<script type=\"application\/ld+json\" class=\"yoast-schema-graph\">{\"@context\":\"https:\/\/schema.org\",\"@graph\":[{\"@type\":\"WebSite\",\"@id\":\"https:\/\/artishotel.vn\/#website\",\"url\":\"https:\/\/artishotel.vn\/\",\"name\":\"Artishotel\",\"description\":\"Artishotel\",\"potentialAction\":[{\"@type\":\"SearchAction\",\"target\":{\"@type\":\"EntryPoint\",\"urlTemplate\":\"https:\/\/artishotel.vn\/?s={search_term_string}\"},\"query-input\":\"required name=search_term_string\"}],\"inLanguage\":\"en-US\"},{\"@type\":\"WebPage\",\"@id\":\"https:\/\/artishotel.vn\/chinh-sach-bao-mat\/#webpage\",\"url\":\"https:\/\/artishotel.vn\/chinh-sach-bao-mat\/\",\"name\":\"Ch\\u00ednh s\\u00e1ch b\\u1ea3o m\\u1eadt - Artishotel\",\"isPartOf\":{\"@id\":\"https:\/\/artishotel.vn\/#website\"},\"datePublished\":\"2021-06-04T03:31:36+00:00\",\"dateModified\":\"2021-10-16T19:40:58+00:00\",\"breadcrumb\":{\"@id\":\"https:\/\/artishotel.vn\/chinh-sach-bao-mat\/#breadcrumb\"},\"inLanguage\":\"en-US\",\"potentialAction\":[{\"@type\":\"ReadAction\",\"target\":[\"https:\/\/artishotel.vn\/chinh-sach-bao-mat\/\"]}]},{\"@type\":\"BreadcrumbList\",\"@id\":\"https:\/\/artishotel.vn\/chinh-sach-bao-mat\/#breadcrumb\",\"itemListElement\":[{\"@type\":\"ListItem\",\"position\":1,\"name\":\"Trang ch\\u1ee7\",\"item\":\"https:\/\/artishotel.vn\/\"},{\"@type\":\"ListItem\",\"position\":2,\"name\":\"Ch\\u00ednh s\\u00e1ch b\\u1ea3o m\\u1eadt\"}]}]}<\/script>\n<!-- \/ Yoast SEO plugin. -->","yoast_head_json":{"title":"Ch\u00ednh s\u00e1ch b\u1ea3o m\u1eadt - Artishotel","robots":{"index":"index","follow":"follow","max-snippet":"max-snippet:-1","max-image-preview":"max-image-preview:large","max-video-preview":"max-video-preview:-1"},"canonical":"https:\/\/artishotel.vn\/en\/policy-2\/","og_locale":"en_US","og_type":"article","og_title":"Ch\u00ednh s\u00e1ch b\u1ea3o m\u1eadt - Artishotel","og_url":"https:\/\/artishotel.vn\/en\/policy-2\/","og_site_name":"Artishotel","article_modified_time":"2021-10-16T19:40:58+00:00","twitter_card":"summary_large_image","twitter_misc":{"Est. reading time":"12 minutes"},"schema":{"@context":"https:\/\/schema.org","@graph":[{"@type":"WebSite","@id":"https:\/\/artishotel.vn\/#website","url":"https:\/\/artishotel.vn\/","name":"Artishotel","description":"Artishotel","potentialAction":[{"@type":"SearchAction","target":{"@type":"EntryPoint","urlTemplate":"https:\/\/artishotel.vn\/?s={search_term_string}"},"query-input":"required name=search_term_string"}],"inLanguage":"en-US"},{"@type":"WebPage","@id":"https:\/\/artishotel.vn\/chinh-sach-bao-mat\/#webpage","url":"https:\/\/artishotel.vn\/chinh-sach-bao-mat\/","name":"Ch\u00ednh s\u00e1ch b\u1ea3o m\u1eadt - Artishotel","isPartOf":{"@id":"https:\/\/artishotel.vn\/#website"},"datePublished":"2021-06-04T03:31:36+00:00","dateModified":"2021-10-16T19:40:58+00:00","breadcrumb":{"@id":"https:\/\/artishotel.vn\/chinh-sach-bao-mat\/#breadcrumb"},"inLanguage":"en-US","potentialAction":[{"@type":"ReadAction","target":["https:\/\/artishotel.vn\/chinh-sach-bao-mat\/"]}]},{"@type":"BreadcrumbList","@id":"https:\/\/artishotel.vn\/chinh-sach-bao-mat\/#breadcrumb","itemListElement":[{"@type":"ListItem","position":1,"name":"Trang ch\u1ee7","item":"https:\/\/artishotel.vn\/"},{"@type":"ListItem","position":2,"name":"Ch\u00ednh s\u00e1ch b\u1ea3o m\u1eadt"}]}]}},"_links":{"self":[{"href":"https:\/\/artishotel.vn\/en\/wp-json\/wp\/v2\/pages\/3"}],"collection":[{"href":"https:\/\/artishotel.vn\/en\/wp-json\/wp\/v2\/pages"}],"about":[{"href":"https:\/\/artishotel.vn\/en\/wp-json\/wp\/v2\/types\/page"}],"author":[{"embeddable":true,"href":"https:\/\/artishotel.vn\/en\/wp-json\/wp\/v2\/users\/1"}],"replies":[{"embeddable":true,"href":"https:\/\/artishotel.vn\/en\/wp-json\/wp\/v2\/comments?post=3"}],"version-history":[{"count":0,"href":"https:\/\/artishotel.vn\/en\/wp-json\/wp\/v2\/pages\/3\/revisions"}],"wp:attachment":[{"href":"https:\/\/artishotel.vn\/en\/wp-json\/wp\/v2\/media?parent=3"}],"curies":[{"name":"wp","href":"https:\/\/api.w.org\/{rel}","templated":true}]}}